{"id":241,"date":"2025-12-25T13:56:49","date_gmt":"2025-12-25T13:56:49","guid":{"rendered":"https:\/\/mingjiacnc.com\/?page_id=241"},"modified":"2026-01-15T19:39:56","modified_gmt":"2026-01-15T11:39:56","slug":"nouvelles","status":"publish","type":"page","link":"https:\/\/mingjiacnc.com\/fr\/nouvelles\/","title":{"rendered":"Actualit\u00e9s"},"content":{"rendered":"<div data-elementor-type=\"wp-page\" data-elementor-id=\"241\" class=\"elementor elementor-241\" data-elementor-post-type=\"page\">\n\t\t\t\t<div class=\"elementor-element elementor-element-d359180 e-flex e-con-boxed e-con e-parent\" data-id=\"d359180\" data-element_type=\"container\" data-settings=\"{&quot;background_background&quot;:&quot;classic&quot;}\">\n\t\t\t\t\t<div class=\"e-con-inner\">\n\t\t\t\t<div class=\"elementor-element elementor-element-7060ff5 elementor-widget elementor-widget-shortcode\" data-id=\"7060ff5\" data-element_type=\"widget\" data-widget_type=\"shortcode.default\">\n\t\t\t\t\t\t\t<div class=\"elementor-shortcode\"><nav aria-label=\"chapelure\" class=\"rank-math-breadcrumb\"><p><span class=\"last\">Accueil<\/span><\/p><\/nav><\/div>\n\t\t\t\t\t\t<\/div>\n\t\t\t\t\t<\/div>\n\t\t\t\t<\/div>\n\t\t<div class=\"elementor-element elementor-element-884dc8b elementor-hidden-desktop elementor-hidden-tablet e-flex e-con-boxed e-con e-parent\" data-id=\"884dc8b\" data-element_type=\"container\">\n\t\t\t\t\t<div class=\"e-con-inner\">\n\t\t\t\t<div class=\"elementor-element elementor-element-0b3aa4d elementor-grid-1 elementor-grid-tablet-1 elementor-grid-mobile-1 elementor-posts--thumbnail-top elementor-widget elementor-widget-posts\" data-id=\"0b3aa4d\" data-element_type=\"widget\" data-settings=\"{&quot;classic_columns&quot;:&quot;1&quot;,&quot;classic_columns_tablet&quot;:&quot;1&quot;,&quot;classic_columns_mobile&quot;:&quot;1&quot;,&quot;classic_row_gap&quot;:{&quot;unit&quot;:&quot;px&quot;,&quot;size&quot;:35,&quot;sizes&quot;:[]},&quot;classic_row_gap_tablet&quot;:{&quot;unit&quot;:&quot;px&quot;,&quot;size&quot;:&quot;&quot;,&quot;sizes&quot;:[]},&quot;classic_row_gap_mobile&quot;:{&quot;unit&quot;:&quot;px&quot;,&quot;size&quot;:&quot;&quot;,&quot;sizes&quot;:[]}}\" data-widget_type=\"posts.classic\">\n\t\t\t\t<div class=\"elementor-widget-container\">\n\t\t\t\t\t\t\t<div class=\"elementor-posts-container elementor-posts elementor-posts--skin-classic elementor-grid\" role=\"list\">\n\t\t\t\t<article class=\"elementor-post elementor-grid-item post-1879 post type-post status-publish format-standard has-post-thumbnail hentry category-news-blog\" role=\"listitem\">\n\t\t\t\t<a class=\"elementor-post__thumbnail__link\" href=\"https:\/\/mingjiacnc.com\/fr\/https-mingjiacnc-com\/\" tabindex=\"-1\">\n\t\t\t<div class=\"elementor-post__thumbnail\"><img fetchpriority=\"high\" decoding=\"async\" width=\"800\" height=\"566\" src=\"https:\/\/mingjiacnc.com\/wp-content\/uploads\/2026\/02\/\u5f00\u5f0f-1024x724.webp\" class=\"attachment-large size-large wp-image-1865\" alt=\"\" srcset=\"https:\/\/mingjiacnc.com\/wp-content\/uploads\/2026\/02\/\u5f00\u5f0f-1024x724.webp 1024w, https:\/\/mingjiacnc.com\/wp-content\/uploads\/2026\/02\/\u5f00\u5f0f-300x212.webp 300w, https:\/\/mingjiacnc.com\/wp-content\/uploads\/2026\/02\/\u5f00\u5f0f-768x543.webp 768w, https:\/\/mingjiacnc.com\/wp-content\/uploads\/2026\/02\/\u5f00\u5f0f-1536x1086.webp 1536w, https:\/\/mingjiacnc.com\/wp-content\/uploads\/2026\/02\/\u5f00\u5f0f-18x12.webp 18w, https:\/\/mingjiacnc.com\/wp-content\/uploads\/2026\/02\/\u5f00\u5f0f.webp 1811w\" sizes=\"(max-width: 800px) 100vw, 800px\" \/><\/div>\n\t\t<\/a>\n\t\t\t\t<div class=\"elementor-post__text\">\n\t\t\t\t<h2 class=\"elementor-post__title\">\n\t\t\t<a href=\"https:\/\/mingjiacnc.com\/fr\/https-mingjiacnc-com\/\">\n\t\t\t\tMachine CNC pour le traitement des barres conductrices : 5 contr\u00f4les de qualit\u00e9 stricts avant l'exp\u00e9dition\t\t\t<\/a>\n\t\t<\/h2>\n\t\t\t\t<div class=\"elementor-post__excerpt\">\n\t\t\t<p>De nombreux clients \u00e9trangers nous posent toujours la m\u00eame question, que ce soit par courrier \u00e9lectronique ou lors d'appels vid\u00e9o : Votre machine \u00e0 fabriquer des barres conductrices est-elle fiable ? Est-ce que vous vous contentez de<\/p>\n\t\t<\/div>\n\t\t\n\t\t<a class=\"elementor-post__read-more\" href=\"https:\/\/mingjiacnc.com\/fr\/https-mingjiacnc-com\/\" aria-label=\"En savoir plus sur la machine de traitement des barres d&#039;armature \u00e0 commande num\u00e9rique : 5 contr\u00f4les de qualit\u00e9 stricts avant l&#039;exp\u00e9dition\" tabindex=\"-1\" target=\"_blank\">\n\t\t\tLire plus \u00bb\t\t<\/a>\n\n\t\t\t\t<\/div>\n\t\t\t\t<\/article>\n\t\t\t\t<article class=\"elementor-post elementor-grid-item post-187 post type-post status-publish format-standard has-post-thumbnail hentry category-news-blog\" role=\"listitem\">\n\t\t\t\t<a class=\"elementor-post__thumbnail__link\" href=\"https:\/\/mingjiacnc.com\/fr\/croissance-de-lapplication-de-lequipement-de-traitement-des-barres-omnibus-dans-le-domaine-des-nouvelles-energies\/\" tabindex=\"-1\">\n\t\t\t<div class=\"elementor-post__thumbnail\"><img decoding=\"async\" width=\"559\" height=\"320\" src=\"https:\/\/mingjiacnc.com\/wp-content\/uploads\/2025\/12\/\u65b0\u95fb-4-1.webp\" class=\"attachment-large size-large wp-image-205\" alt=\"\" srcset=\"https:\/\/mingjiacnc.com\/wp-content\/uploads\/2025\/12\/\u65b0\u95fb-4-1.webp 559w, https:\/\/mingjiacnc.com\/wp-content\/uploads\/2025\/12\/\u65b0\u95fb-4-1-300x172.webp 300w\" sizes=\"(max-width: 559px) 100vw, 559px\" \/><\/div>\n\t\t<\/a>\n\t\t\t\t<div class=\"elementor-post__text\">\n\t\t\t\t<h2 class=\"elementor-post__title\">\n\t\t\t<a href=\"https:\/\/mingjiacnc.com\/fr\/croissance-de-lapplication-de-lequipement-de-traitement-des-barres-omnibus-dans-le-domaine-des-nouvelles-energies\/\">\n\t\t\t\tCroissance de l'application de l'\u00e9quipement de traitement des barres omnibus dans le domaine des nouvelles \u00e9nergies\t\t\t<\/a>\n\t\t<\/h2>\n\t\t\t\t<div class=\"elementor-post__excerpt\">\n\t\t\t<p>Exportation vers l'Indon\u00e9sie (construction d'un r\u00e9seau \u00e9lectrique) : En d\u00e9cembre 2024, trois machines de traitement des barres omnibus personnalis\u00e9es ont \u00e9t\u00e9 export\u00e9es, dot\u00e9es de deux pinces asservies et de guides lin\u00e9aires, capables de<\/p>\n\t\t<\/div>\n\t\t\n\t\t<a class=\"elementor-post__read-more\" href=\"https:\/\/mingjiacnc.com\/fr\/croissance-de-lapplication-de-lequipement-de-traitement-des-barres-omnibus-dans-le-domaine-des-nouvelles-energies\/\" aria-label=\"En savoir plus sur la croissance des applications des \u00e9quipements de traitement des barres omnibus dans le domaine des nouvelles \u00e9nergies\" tabindex=\"-1\" target=\"_blank\">\n\t\t\tLire plus \u00bb\t\t<\/a>\n\n\t\t\t\t<\/div>\n\t\t\t\t<\/article>\n\t\t\t\t<article class=\"elementor-post elementor-grid-item post-184 post type-post status-publish format-standard has-post-thumbnail hentry category-news-blog\" role=\"listitem\">\n\t\t\t\t<a class=\"elementor-post__thumbnail__link\" href=\"https:\/\/mingjiacnc.com\/fr\/optimisation-continue-de-la-conception-de-la-structure-de-la-machine-dusinage-des-barres-omnibus\/\" tabindex=\"-1\">\n\t\t\t<div class=\"elementor-post__thumbnail\"><img decoding=\"async\" width=\"800\" height=\"563\" src=\"https:\/\/mingjiacnc.com\/wp-content\/uploads\/2025\/12\/\u65b0\u95fb-3-1024x721.webp\" class=\"attachment-large size-large wp-image-185\" alt=\"\" srcset=\"https:\/\/mingjiacnc.com\/wp-content\/uploads\/2025\/12\/\u65b0\u95fb-3-1024x721.webp 1024w, https:\/\/mingjiacnc.com\/wp-content\/uploads\/2025\/12\/\u65b0\u95fb-3-300x211.webp 300w, https:\/\/mingjiacnc.com\/wp-content\/uploads\/2025\/12\/\u65b0\u95fb-3-768x541.webp 768w, https:\/\/mingjiacnc.com\/wp-content\/uploads\/2025\/12\/\u65b0\u95fb-3.webp 1071w\" sizes=\"(max-width: 800px) 100vw, 800px\" \/><\/div>\n\t\t<\/a>\n\t\t\t\t<div class=\"elementor-post__text\">\n\t\t\t\t<h2 class=\"elementor-post__title\">\n\t\t\t<a href=\"https:\/\/mingjiacnc.com\/fr\/optimisation-continue-de-la-conception-de-la-structure-de-la-machine-dusinage-des-barres-omnibus\/\">\n\t\t\t\tOptimisation continue de la conception de la structure d'une machine d'usinage de barres conductrices\t\t\t<\/a>\n\t\t<\/h2>\n\t\t\t\t<div class=\"elementor-post__excerpt\">\n\t\t\t<p>Exportation vers la Malaisie (fabricant d'armoires de distribution) : En mai 2025, quatre machines de traitement de barres omnibus personnalis\u00e9es ont \u00e9t\u00e9 export\u00e9es. Ces machines sont dot\u00e9es d'une tourelle \u00e0 8+1 stations (8 poin\u00e7onneuses,<\/p>\n\t\t<\/div>\n\t\t\n\t\t<a class=\"elementor-post__read-more\" href=\"https:\/\/mingjiacnc.com\/fr\/optimisation-continue-de-la-conception-de-la-structure-de-la-machine-dusinage-des-barres-omnibus\/\" aria-label=\"En savoir plus sur l&#039;optimisation continue de la conception de la structure d&#039;une machine d&#039;usinage de barres omnibus\" tabindex=\"-1\" target=\"_blank\">\n\t\t\tLire plus \u00bb\t\t<\/a>\n\n\t\t\t\t<\/div>\n\t\t\t\t<\/article>\n\t\t\t\t<article class=\"elementor-post elementor-grid-item post-181 post type-post status-publish format-standard has-post-thumbnail hentry category-news-blog\" role=\"listitem\">\n\t\t\t\t<a class=\"elementor-post__thumbnail__link\" href=\"https:\/\/mingjiacnc.com\/fr\/une-machine-dusinage-de-barres-de-bus-aide-un-client-dasie-du-sud-est-a-augmenter-sa-capacite-de-production\/\" tabindex=\"-1\">\n\t\t\t<div class=\"elementor-post__thumbnail\"><img loading=\"lazy\" decoding=\"async\" width=\"800\" height=\"598\" src=\"https:\/\/mingjiacnc.com\/wp-content\/uploads\/2025\/12\/\u65b0\u95fb-2-1024x765.webp\" class=\"attachment-large size-large wp-image-182\" alt=\"\" srcset=\"https:\/\/mingjiacnc.com\/wp-content\/uploads\/2025\/12\/\u65b0\u95fb-2-1024x765.webp 1024w, https:\/\/mingjiacnc.com\/wp-content\/uploads\/2025\/12\/\u65b0\u95fb-2-300x224.webp 300w, https:\/\/mingjiacnc.com\/wp-content\/uploads\/2025\/12\/\u65b0\u95fb-2-768x574.webp 768w, https:\/\/mingjiacnc.com\/wp-content\/uploads\/2025\/12\/\u65b0\u95fb-2.webp 1071w\" sizes=\"(max-width: 800px) 100vw, 800px\" \/><\/div>\n\t\t<\/a>\n\t\t\t\t<div class=\"elementor-post__text\">\n\t\t\t\t<h2 class=\"elementor-post__title\">\n\t\t\t<a href=\"https:\/\/mingjiacnc.com\/fr\/une-machine-dusinage-de-barres-de-bus-aide-un-client-dasie-du-sud-est-a-augmenter-sa-capacite-de-production\/\">\n\t\t\t\tUne machine d'usinage de barres d'armature permet \u00e0 un client d'Asie du Sud-Est d'augmenter sa capacit\u00e9 de production\t\t\t<\/a>\n\t\t<\/h2>\n\t\t\t\t<div class=\"elementor-post__excerpt\">\n\t\t\t<p>Exportation vers la Tha\u00eflande (t\u00f4le de premi\u00e8re qualit\u00e9) : En mars 2025, nous avons export\u00e9 des machines multifonctionnelles de traitement des barres omnibus pour r\u00e9pondre aux demandes des clients d'Asie du Sud-Est en mati\u00e8re de haute pr\u00e9cision et de flexibilit\u00e9.<\/p>\n\t\t<\/div>\n\t\t\n\t\t<a class=\"elementor-post__read-more\" href=\"https:\/\/mingjiacnc.com\/fr\/une-machine-dusinage-de-barres-de-bus-aide-un-client-dasie-du-sud-est-a-augmenter-sa-capacite-de-production\/\" aria-label=\"En savoir plus sur La machine d&#039;usinage de barres d&#039;armature aide un client d&#039;Asie du Sud-Est \u00e0 augmenter sa capacit\u00e9 de production\" tabindex=\"-1\" target=\"_blank\">\n\t\t\tLire plus \u00bb\t\t<\/a>\n\n\t\t\t\t<\/div>\n\t\t\t\t<\/article>\n\t\t\t\t<article class=\"elementor-post elementor-grid-item post-1 post type-post status-publish format-standard has-post-thumbnail hentry category-news-blog\" role=\"listitem\">\n\t\t\t\t<a class=\"elementor-post__thumbnail__link\" href=\"https:\/\/mingjiacnc.com\/fr\/bonjour-le-monde\/\" tabindex=\"-1\">\n\t\t\t<div class=\"elementor-post__thumbnail\"><img loading=\"lazy\" decoding=\"async\" width=\"800\" height=\"600\" src=\"https:\/\/mingjiacnc.com\/wp-content\/uploads\/2025\/12\/\u65b0\u95fb\u4ea7\u54c1\u56fe.webp\" class=\"attachment-large size-large wp-image-1444\" alt=\"\" srcset=\"https:\/\/mingjiacnc.com\/wp-content\/uploads\/2025\/12\/\u65b0\u95fb\u4ea7\u54c1\u56fe.webp 1000w, https:\/\/mingjiacnc.com\/wp-content\/uploads\/2025\/12\/\u65b0\u95fb\u4ea7\u54c1\u56fe-300x225.webp 300w, https:\/\/mingjiacnc.com\/wp-content\/uploads\/2025\/12\/\u65b0\u95fb\u4ea7\u54c1\u56fe-768x576.webp 768w, https:\/\/mingjiacnc.com\/wp-content\/uploads\/2025\/12\/\u65b0\u95fb\u4ea7\u54c1\u56fe-16x12.webp 16w\" sizes=\"(max-width: 800px) 100vw, 800px\" \/><\/div>\n\t\t<\/a>\n\t\t\t\t<div class=\"elementor-post__text\">\n\t\t\t\t<h2 class=\"elementor-post__title\">\n\t\t\t<a href=\"https:\/\/mingjiacnc.com\/fr\/bonjour-le-monde\/\">\n\t\t\t\tLa machine de traitement des barres conductrices de l'entreprise a \u00e9t\u00e9 export\u00e9e avec succ\u00e8s sur le march\u00e9 russe.\t\t\t<\/a>\n\t\t<\/h2>\n\t\t\t\t<div class=\"elementor-post__excerpt\">\n\t\t\t<p>Exportation vers la Russie (mat\u00e9riel \u00e9lectrique automobile) : En 2024, six machines de traitement des barres omnibus de haute pr\u00e9cision ont \u00e9t\u00e9 export\u00e9es. Ces machines ont une vitesse de poin\u00e7onnage de 200 coups par minute et une pr\u00e9cision de \u00b10,02 mm. Con\u00e7ues pour<\/p>\n\t\t<\/div>\n\t\t\n\t\t<a class=\"elementor-post__read-more\" href=\"https:\/\/mingjiacnc.com\/fr\/bonjour-le-monde\/\" aria-label=\"Plus d&#039;informations sur L&#039;exportation de la machine de traitement des barres conductrices de l&#039;entreprise vers le march\u00e9 russe a \u00e9t\u00e9 couronn\u00e9e de succ\u00e8s\" tabindex=\"-1\" target=\"_blank\">\n\t\t\tLire plus \u00bb\t\t<\/a>\n\n\t\t\t\t<\/div>\n\t\t\t\t<\/article>\n\t\t\t\t<\/div>\n\t\t\n\t\t\t\t\t\t<\/div>\n\t\t\t\t<\/div>\n\t\t\t\t\t<\/div>\n\t\t\t\t<\/div>\n\t\t<div class=\"elementor-element elementor-element-d5270ea elementor-hidden-mobile e-flex e-con-boxed e-con e-parent\" data-id=\"d5270ea\" data-element_type=\"container\">\n\t\t\t\t\t<div class=\"e-con-inner\">\n\t\t\t\t<div class=\"elementor-element elementor-element-f67fa1d elementor-grid-1 elementor-posts--thumbnail-left elementor-grid-tablet-1 elementor-grid-mobile-1 elementor-widget elementor-widget-posts\" data-id=\"f67fa1d\" data-element_type=\"widget\" data-settings=\"{&quot;classic_columns&quot;:&quot;1&quot;,&quot;classic_columns_tablet&quot;:&quot;1&quot;,&quot;classic_columns_mobile&quot;:&quot;1&quot;,&quot;classic_row_gap&quot;:{&quot;unit&quot;:&quot;px&quot;,&quot;size&quot;:35,&quot;sizes&quot;:[]},&quot;classic_row_gap_tablet&quot;:{&quot;unit&quot;:&quot;px&quot;,&quot;size&quot;:&quot;&quot;,&quot;sizes&quot;:[]},&quot;classic_row_gap_mobile&quot;:{&quot;unit&quot;:&quot;px&quot;,&quot;size&quot;:&quot;&quot;,&quot;sizes&quot;:[]}}\" data-widget_type=\"posts.classic\">\n\t\t\t\t<div class=\"elementor-widget-container\">\n\t\t\t\t\t\t\t<div class=\"elementor-posts-container elementor-posts elementor-posts--skin-classic elementor-grid\" role=\"list\">\n\t\t\t\t<article class=\"elementor-post elementor-grid-item post-1879 post type-post status-publish format-standard has-post-thumbnail hentry category-news-blog\" role=\"listitem\">\n\t\t\t\t<a class=\"elementor-post__thumbnail__link\" href=\"https:\/\/mingjiacnc.com\/fr\/https-mingjiacnc-com\/\" tabindex=\"-1\">\n\t\t\t<div class=\"elementor-post__thumbnail\"><img fetchpriority=\"high\" decoding=\"async\" width=\"800\" height=\"566\" src=\"https:\/\/mingjiacnc.com\/wp-content\/uploads\/2026\/02\/\u5f00\u5f0f-1024x724.webp\" class=\"attachment-large size-large wp-image-1865\" alt=\"\" srcset=\"https:\/\/mingjiacnc.com\/wp-content\/uploads\/2026\/02\/\u5f00\u5f0f-1024x724.webp 1024w, https:\/\/mingjiacnc.com\/wp-content\/uploads\/2026\/02\/\u5f00\u5f0f-300x212.webp 300w, https:\/\/mingjiacnc.com\/wp-content\/uploads\/2026\/02\/\u5f00\u5f0f-768x543.webp 768w, https:\/\/mingjiacnc.com\/wp-content\/uploads\/2026\/02\/\u5f00\u5f0f-1536x1086.webp 1536w, https:\/\/mingjiacnc.com\/wp-content\/uploads\/2026\/02\/\u5f00\u5f0f-18x12.webp 18w, https:\/\/mingjiacnc.com\/wp-content\/uploads\/2026\/02\/\u5f00\u5f0f.webp 1811w\" sizes=\"(max-width: 800px) 100vw, 800px\" \/><\/div>\n\t\t<\/a>\n\t\t\t\t<div class=\"elementor-post__text\">\n\t\t\t\t<h2 class=\"elementor-post__title\">\n\t\t\t<a href=\"https:\/\/mingjiacnc.com\/fr\/https-mingjiacnc-com\/\">\n\t\t\t\tMachine CNC pour le traitement des barres conductrices : 5 contr\u00f4les de qualit\u00e9 stricts avant l'exp\u00e9dition\t\t\t<\/a>\n\t\t<\/h2>\n\t\t\t\t<div class=\"elementor-post__excerpt\">\n\t\t\t<p>De nombreux clients \u00e9trangers nous posent toujours la m\u00eame question, que ce soit par courrier \u00e9lectronique ou lors d'appels vid\u00e9o : Votre machine \u00e0 fabriquer des barres conductrices est-elle fiable ? Est-ce que vous vous contentez de<\/p>\n\t\t<\/div>\n\t\t\n\t\t<a class=\"elementor-post__read-more\" href=\"https:\/\/mingjiacnc.com\/fr\/https-mingjiacnc-com\/\" aria-label=\"En savoir plus sur la machine de traitement des barres d&#039;armature \u00e0 commande num\u00e9rique : 5 contr\u00f4les de qualit\u00e9 stricts avant l&#039;exp\u00e9dition\" tabindex=\"-1\">\n\t\t\tLire plus \u00bb\t\t<\/a>\n\n\t\t\t\t<\/div>\n\t\t\t\t<\/article>\n\t\t\t\t<article class=\"elementor-post elementor-grid-item post-187 post type-post status-publish format-standard has-post-thumbnail hentry category-news-blog\" role=\"listitem\">\n\t\t\t\t<a class=\"elementor-post__thumbnail__link\" href=\"https:\/\/mingjiacnc.com\/fr\/croissance-de-lapplication-de-lequipement-de-traitement-des-barres-omnibus-dans-le-domaine-des-nouvelles-energies\/\" tabindex=\"-1\">\n\t\t\t<div class=\"elementor-post__thumbnail\"><img decoding=\"async\" width=\"559\" height=\"320\" src=\"https:\/\/mingjiacnc.com\/wp-content\/uploads\/2025\/12\/\u65b0\u95fb-4-1.webp\" class=\"attachment-large size-large wp-image-205\" alt=\"\" srcset=\"https:\/\/mingjiacnc.com\/wp-content\/uploads\/2025\/12\/\u65b0\u95fb-4-1.webp 559w, https:\/\/mingjiacnc.com\/wp-content\/uploads\/2025\/12\/\u65b0\u95fb-4-1-300x172.webp 300w\" sizes=\"(max-width: 559px) 100vw, 559px\" \/><\/div>\n\t\t<\/a>\n\t\t\t\t<div class=\"elementor-post__text\">\n\t\t\t\t<h2 class=\"elementor-post__title\">\n\t\t\t<a href=\"https:\/\/mingjiacnc.com\/fr\/croissance-de-lapplication-de-lequipement-de-traitement-des-barres-omnibus-dans-le-domaine-des-nouvelles-energies\/\">\n\t\t\t\tCroissance de l'application de l'\u00e9quipement de traitement des barres omnibus dans le domaine des nouvelles \u00e9nergies\t\t\t<\/a>\n\t\t<\/h2>\n\t\t\t\t<div class=\"elementor-post__excerpt\">\n\t\t\t<p>Exportation vers l'Indon\u00e9sie (construction d'un r\u00e9seau \u00e9lectrique) : En d\u00e9cembre 2024, trois machines de traitement des barres omnibus personnalis\u00e9es ont \u00e9t\u00e9 export\u00e9es, dot\u00e9es de deux pinces asservies et de guides lin\u00e9aires, capables de<\/p>\n\t\t<\/div>\n\t\t\n\t\t<a class=\"elementor-post__read-more\" href=\"https:\/\/mingjiacnc.com\/fr\/croissance-de-lapplication-de-lequipement-de-traitement-des-barres-omnibus-dans-le-domaine-des-nouvelles-energies\/\" aria-label=\"En savoir plus sur la croissance des applications des \u00e9quipements de traitement des barres omnibus dans le domaine des nouvelles \u00e9nergies\" tabindex=\"-1\">\n\t\t\tLire plus \u00bb\t\t<\/a>\n\n\t\t\t\t<\/div>\n\t\t\t\t<\/article>\n\t\t\t\t<article class=\"elementor-post elementor-grid-item post-184 post type-post status-publish format-standard has-post-thumbnail hentry category-news-blog\" role=\"listitem\">\n\t\t\t\t<a class=\"elementor-post__thumbnail__link\" href=\"https:\/\/mingjiacnc.com\/fr\/optimisation-continue-de-la-conception-de-la-structure-de-la-machine-dusinage-des-barres-omnibus\/\" tabindex=\"-1\">\n\t\t\t<div class=\"elementor-post__thumbnail\"><img decoding=\"async\" width=\"800\" height=\"563\" src=\"https:\/\/mingjiacnc.com\/wp-content\/uploads\/2025\/12\/\u65b0\u95fb-3-1024x721.webp\" class=\"attachment-large size-large wp-image-185\" alt=\"\" srcset=\"https:\/\/mingjiacnc.com\/wp-content\/uploads\/2025\/12\/\u65b0\u95fb-3-1024x721.webp 1024w, https:\/\/mingjiacnc.com\/wp-content\/uploads\/2025\/12\/\u65b0\u95fb-3-300x211.webp 300w, https:\/\/mingjiacnc.com\/wp-content\/uploads\/2025\/12\/\u65b0\u95fb-3-768x541.webp 768w, https:\/\/mingjiacnc.com\/wp-content\/uploads\/2025\/12\/\u65b0\u95fb-3.webp 1071w\" sizes=\"(max-width: 800px) 100vw, 800px\" \/><\/div>\n\t\t<\/a>\n\t\t\t\t<div class=\"elementor-post__text\">\n\t\t\t\t<h2 class=\"elementor-post__title\">\n\t\t\t<a href=\"https:\/\/mingjiacnc.com\/fr\/optimisation-continue-de-la-conception-de-la-structure-de-la-machine-dusinage-des-barres-omnibus\/\">\n\t\t\t\tOptimisation continue de la conception de la structure d'une machine d'usinage de barres conductrices\t\t\t<\/a>\n\t\t<\/h2>\n\t\t\t\t<div class=\"elementor-post__excerpt\">\n\t\t\t<p>Exportation vers la Malaisie (fabricant d'armoires de distribution) : En mai 2025, quatre machines de traitement de barres omnibus personnalis\u00e9es ont \u00e9t\u00e9 export\u00e9es. Ces machines sont dot\u00e9es d'une tourelle \u00e0 8+1 stations (8 poin\u00e7onneuses,<\/p>\n\t\t<\/div>\n\t\t\n\t\t<a class=\"elementor-post__read-more\" href=\"https:\/\/mingjiacnc.com\/fr\/optimisation-continue-de-la-conception-de-la-structure-de-la-machine-dusinage-des-barres-omnibus\/\" aria-label=\"En savoir plus sur l&#039;optimisation continue de la conception de la structure d&#039;une machine d&#039;usinage de barres omnibus\" tabindex=\"-1\">\n\t\t\tLire plus \u00bb\t\t<\/a>\n\n\t\t\t\t<\/div>\n\t\t\t\t<\/article>\n\t\t\t\t<article class=\"elementor-post elementor-grid-item post-181 post type-post status-publish format-standard has-post-thumbnail hentry category-news-blog\" role=\"listitem\">\n\t\t\t\t<a class=\"elementor-post__thumbnail__link\" href=\"https:\/\/mingjiacnc.com\/fr\/une-machine-dusinage-de-barres-de-bus-aide-un-client-dasie-du-sud-est-a-augmenter-sa-capacite-de-production\/\" tabindex=\"-1\">\n\t\t\t<div class=\"elementor-post__thumbnail\"><img loading=\"lazy\" decoding=\"async\" width=\"800\" height=\"598\" src=\"https:\/\/mingjiacnc.com\/wp-content\/uploads\/2025\/12\/\u65b0\u95fb-2-1024x765.webp\" class=\"attachment-large size-large wp-image-182\" alt=\"\" srcset=\"https:\/\/mingjiacnc.com\/wp-content\/uploads\/2025\/12\/\u65b0\u95fb-2-1024x765.webp 1024w, https:\/\/mingjiacnc.com\/wp-content\/uploads\/2025\/12\/\u65b0\u95fb-2-300x224.webp 300w, https:\/\/mingjiacnc.com\/wp-content\/uploads\/2025\/12\/\u65b0\u95fb-2-768x574.webp 768w, https:\/\/mingjiacnc.com\/wp-content\/uploads\/2025\/12\/\u65b0\u95fb-2.webp 1071w\" sizes=\"(max-width: 800px) 100vw, 800px\" \/><\/div>\n\t\t<\/a>\n\t\t\t\t<div class=\"elementor-post__text\">\n\t\t\t\t<h2 class=\"elementor-post__title\">\n\t\t\t<a href=\"https:\/\/mingjiacnc.com\/fr\/une-machine-dusinage-de-barres-de-bus-aide-un-client-dasie-du-sud-est-a-augmenter-sa-capacite-de-production\/\">\n\t\t\t\tUne machine d'usinage de barres d'armature permet \u00e0 un client d'Asie du Sud-Est d'augmenter sa capacit\u00e9 de production\t\t\t<\/a>\n\t\t<\/h2>\n\t\t\t\t<div class=\"elementor-post__excerpt\">\n\t\t\t<p>Exportation vers la Tha\u00eflande (t\u00f4le de premi\u00e8re qualit\u00e9) : En mars 2025, nous avons export\u00e9 des machines multifonctionnelles de traitement des barres omnibus pour r\u00e9pondre aux demandes des clients d'Asie du Sud-Est en mati\u00e8re de haute pr\u00e9cision et de flexibilit\u00e9.<\/p>\n\t\t<\/div>\n\t\t\n\t\t<a class=\"elementor-post__read-more\" href=\"https:\/\/mingjiacnc.com\/fr\/une-machine-dusinage-de-barres-de-bus-aide-un-client-dasie-du-sud-est-a-augmenter-sa-capacite-de-production\/\" aria-label=\"En savoir plus sur La machine d&#039;usinage de barres d&#039;armature aide un client d&#039;Asie du Sud-Est \u00e0 augmenter sa capacit\u00e9 de production\" tabindex=\"-1\">\n\t\t\tLire plus \u00bb\t\t<\/a>\n\n\t\t\t\t<\/div>\n\t\t\t\t<\/article>\n\t\t\t\t<article class=\"elementor-post elementor-grid-item post-1 post type-post status-publish format-standard has-post-thumbnail hentry category-news-blog\" role=\"listitem\">\n\t\t\t\t<a class=\"elementor-post__thumbnail__link\" href=\"https:\/\/mingjiacnc.com\/fr\/bonjour-le-monde\/\" tabindex=\"-1\">\n\t\t\t<div class=\"elementor-post__thumbnail\"><img loading=\"lazy\" decoding=\"async\" width=\"800\" height=\"600\" src=\"https:\/\/mingjiacnc.com\/wp-content\/uploads\/2025\/12\/\u65b0\u95fb\u4ea7\u54c1\u56fe.webp\" class=\"attachment-large size-large wp-image-1444\" alt=\"\" srcset=\"https:\/\/mingjiacnc.com\/wp-content\/uploads\/2025\/12\/\u65b0\u95fb\u4ea7\u54c1\u56fe.webp 1000w, https:\/\/mingjiacnc.com\/wp-content\/uploads\/2025\/12\/\u65b0\u95fb\u4ea7\u54c1\u56fe-300x225.webp 300w, https:\/\/mingjiacnc.com\/wp-content\/uploads\/2025\/12\/\u65b0\u95fb\u4ea7\u54c1\u56fe-768x576.webp 768w, https:\/\/mingjiacnc.com\/wp-content\/uploads\/2025\/12\/\u65b0\u95fb\u4ea7\u54c1\u56fe-16x12.webp 16w\" sizes=\"(max-width: 800px) 100vw, 800px\" \/><\/div>\n\t\t<\/a>\n\t\t\t\t<div class=\"elementor-post__text\">\n\t\t\t\t<h2 class=\"elementor-post__title\">\n\t\t\t<a href=\"https:\/\/mingjiacnc.com\/fr\/bonjour-le-monde\/\">\n\t\t\t\tLa machine de traitement des barres conductrices de l'entreprise a \u00e9t\u00e9 export\u00e9e avec succ\u00e8s sur le march\u00e9 russe.\t\t\t<\/a>\n\t\t<\/h2>\n\t\t\t\t<div class=\"elementor-post__excerpt\">\n\t\t\t<p>Exportation vers la Russie (mat\u00e9riel \u00e9lectrique automobile) : En 2024, six machines de traitement des barres omnibus de haute pr\u00e9cision ont \u00e9t\u00e9 export\u00e9es. Ces machines ont une vitesse de poin\u00e7onnage de 200 coups par minute et une pr\u00e9cision de \u00b10,02 mm. Con\u00e7ues pour<\/p>\n\t\t<\/div>\n\t\t\n\t\t<a class=\"elementor-post__read-more\" href=\"https:\/\/mingjiacnc.com\/fr\/bonjour-le-monde\/\" aria-label=\"Plus d&#039;informations sur L&#039;exportation de la machine de traitement des barres conductrices de l&#039;entreprise vers le march\u00e9 russe a \u00e9t\u00e9 couronn\u00e9e de succ\u00e8s\" tabindex=\"-1\">\n\t\t\tLire plus \u00bb\t\t<\/a>\n\n\t\t\t\t<\/div>\n\t\t\t\t<\/article>\n\t\t\t\t<\/div>\n\t\t\n\t\t\t\t\t\t<\/div>\n\t\t\t\t<\/div>\n\t\t\t\t\t<\/div>\n\t\t\t\t<\/div>\n\t\t\t\t<\/div>","protected":false},"excerpt":{"rendered":"","protected":false},"author":1,"featured_media":0,"parent":0,"menu_order":0,"comment_status":"closed","ping_status":"closed","template":"","meta":{"_acf_changed":false,"footnotes":""},"class_list":["post-241","page","type-page","status-publish","hentry"],"acf":[],"_links":{"self":[{"href":"https:\/\/mingjiacnc.com\/fr\/wp-json\/wp\/v2\/pages\/241","targetHints":{"allow":["GET"]}}],"collection":[{"href":"https:\/\/mingjiacnc.com\/fr\/wp-json\/wp\/v2\/pages"}],"about":[{"href":"https:\/\/mingjiacnc.com\/fr\/wp-json\/wp\/v2\/types\/page"}],"author":[{"embeddable":true,"href":"https:\/\/mingjiacnc.com\/fr\/wp-json\/wp\/v2\/users\/1"}],"replies":[{"embeddable":true,"href":"https:\/\/mingjiacnc.com\/fr\/wp-json\/wp\/v2\/comments?post=241"}],"version-history":[{"count":39,"href":"https:\/\/mingjiacnc.com\/fr\/wp-json\/wp\/v2\/pages\/241\/revisions"}],"predecessor-version":[{"id":1394,"href":"https:\/\/mingjiacnc.com\/fr\/wp-json\/wp\/v2\/pages\/241\/revisions\/1394"}],"wp:attachment":[{"href":"https:\/\/mingjiacnc.com\/fr\/wp-json\/wp\/v2\/media?parent=241"}],"curies":[{"name":"wp","href":"https:\/\/api.w.org\/{rel}","templated":true}]}}