{"id":241,"date":"2025-12-25T13:56:49","date_gmt":"2025-12-25T13:56:49","guid":{"rendered":"https:\/\/mingjiacnc.com\/?page_id=241"},"modified":"2026-01-15T19:39:56","modified_gmt":"2026-01-15T11:39:56","slug":"noticias","status":"publish","type":"page","link":"https:\/\/mingjiacnc.com\/es\/noticias\/","title":{"rendered":"Noticias"},"content":{"rendered":"<div data-elementor-type=\"wp-page\" data-elementor-id=\"241\" class=\"elementor elementor-241\" data-elementor-post-type=\"page\">\n\t\t\t\t<div class=\"elementor-element elementor-element-d359180 e-flex e-con-boxed e-con e-parent\" data-id=\"d359180\" data-element_type=\"container\" data-settings=\"{&quot;background_background&quot;:&quot;classic&quot;}\">\n\t\t\t\t\t<div class=\"e-con-inner\">\n\t\t\t\t<div class=\"elementor-element elementor-element-7060ff5 elementor-widget elementor-widget-shortcode\" data-id=\"7060ff5\" data-element_type=\"widget\" data-widget_type=\"shortcode.default\">\n\t\t\t\t\t\t\t<div class=\"elementor-shortcode\"><nav aria-label=\"pan rallado\" class=\"rank-math-breadcrumb\"><p><span class=\"last\">Inicio<\/span><\/p><\/nav><\/div>\n\t\t\t\t\t\t<\/div>\n\t\t\t\t\t<\/div>\n\t\t\t\t<\/div>\n\t\t<div class=\"elementor-element elementor-element-884dc8b elementor-hidden-desktop elementor-hidden-tablet e-flex e-con-boxed e-con e-parent\" data-id=\"884dc8b\" data-element_type=\"container\">\n\t\t\t\t\t<div class=\"e-con-inner\">\n\t\t\t\t<div class=\"elementor-element elementor-element-0b3aa4d elementor-grid-1 elementor-grid-tablet-1 elementor-grid-mobile-1 elementor-posts--thumbnail-top elementor-widget elementor-widget-posts\" data-id=\"0b3aa4d\" data-element_type=\"widget\" data-settings=\"{&quot;classic_columns&quot;:&quot;1&quot;,&quot;classic_columns_tablet&quot;:&quot;1&quot;,&quot;classic_columns_mobile&quot;:&quot;1&quot;,&quot;classic_row_gap&quot;:{&quot;unit&quot;:&quot;px&quot;,&quot;size&quot;:35,&quot;sizes&quot;:[]},&quot;classic_row_gap_tablet&quot;:{&quot;unit&quot;:&quot;px&quot;,&quot;size&quot;:&quot;&quot;,&quot;sizes&quot;:[]},&quot;classic_row_gap_mobile&quot;:{&quot;unit&quot;:&quot;px&quot;,&quot;size&quot;:&quot;&quot;,&quot;sizes&quot;:[]}}\" data-widget_type=\"posts.classic\">\n\t\t\t\t<div class=\"elementor-widget-container\">\n\t\t\t\t\t\t\t<div class=\"elementor-posts-container elementor-posts elementor-posts--skin-classic elementor-grid\" role=\"list\">\n\t\t\t\t<article class=\"elementor-post elementor-grid-item post-1879 post type-post status-publish format-standard has-post-thumbnail hentry category-news-blog\" role=\"listitem\">\n\t\t\t\t<a class=\"elementor-post__thumbnail__link\" href=\"https:\/\/mingjiacnc.com\/es\/https-mingjiacnc-com\/\" tabindex=\"-1\">\n\t\t\t<div class=\"elementor-post__thumbnail\"><img fetchpriority=\"high\" decoding=\"async\" width=\"800\" height=\"566\" src=\"https:\/\/mingjiacnc.com\/wp-content\/uploads\/2026\/02\/\u5f00\u5f0f-1024x724.webp\" class=\"attachment-large size-large wp-image-1865\" alt=\"\" srcset=\"https:\/\/mingjiacnc.com\/wp-content\/uploads\/2026\/02\/\u5f00\u5f0f-1024x724.webp 1024w, https:\/\/mingjiacnc.com\/wp-content\/uploads\/2026\/02\/\u5f00\u5f0f-300x212.webp 300w, https:\/\/mingjiacnc.com\/wp-content\/uploads\/2026\/02\/\u5f00\u5f0f-768x543.webp 768w, https:\/\/mingjiacnc.com\/wp-content\/uploads\/2026\/02\/\u5f00\u5f0f-1536x1086.webp 1536w, https:\/\/mingjiacnc.com\/wp-content\/uploads\/2026\/02\/\u5f00\u5f0f-18x12.webp 18w, https:\/\/mingjiacnc.com\/wp-content\/uploads\/2026\/02\/\u5f00\u5f0f.webp 1811w\" sizes=\"(max-width: 800px) 100vw, 800px\" \/><\/div>\n\t\t<\/a>\n\t\t\t\t<div class=\"elementor-post__text\">\n\t\t\t\t<h2 class=\"elementor-post__title\">\n\t\t\t<a href=\"https:\/\/mingjiacnc.com\/es\/https-mingjiacnc-com\/\">\n\t\t\t\tM\u00e1quina de procesamiento de barras conductoras CNC: 5 Estrictos controles de calidad antes del env\u00edo\t\t\t<\/a>\n\t\t<\/h2>\n\t\t\t\t<div class=\"elementor-post__excerpt\">\n\t\t\t<p>Muchos clientes extranjeros nos siguen haciendo la misma pregunta, ya sea por correo electr\u00f3nico o durante las videollamadas: \u00bfEs fiable el env\u00edo de su m\u00e1quina de barras colectoras? \u00bfS\u00f3lo<\/p>\n\t\t<\/div>\n\t\t\n\t\t<a class=\"elementor-post__read-more\" href=\"https:\/\/mingjiacnc.com\/es\/https-mingjiacnc-com\/\" aria-label=\"Leer m\u00e1s sobre CNC Busbar Processing Machine: 5 estrictos controles de calidad antes del env\u00edo\" tabindex=\"-1\" target=\"_blank\">\n\t\t\tLeer M\u00e1s \u00bb\t\t<\/a>\n\n\t\t\t\t<\/div>\n\t\t\t\t<\/article>\n\t\t\t\t<article class=\"elementor-post elementor-grid-item post-187 post type-post status-publish format-standard has-post-thumbnail hentry category-news-blog\" role=\"listitem\">\n\t\t\t\t<a class=\"elementor-post__thumbnail__link\" href=\"https:\/\/mingjiacnc.com\/es\/crecimiento-de-la-aplicacion-de-equipos-de-procesamiento-de-barras-colectoras-en-el-campo-de-las-nuevas-energias\/\" tabindex=\"-1\">\n\t\t\t<div class=\"elementor-post__thumbnail\"><img decoding=\"async\" width=\"559\" height=\"320\" src=\"https:\/\/mingjiacnc.com\/wp-content\/uploads\/2025\/12\/\u65b0\u95fb-4-1.webp\" class=\"attachment-large size-large wp-image-205\" alt=\"\" srcset=\"https:\/\/mingjiacnc.com\/wp-content\/uploads\/2025\/12\/\u65b0\u95fb-4-1.webp 559w, https:\/\/mingjiacnc.com\/wp-content\/uploads\/2025\/12\/\u65b0\u95fb-4-1-300x172.webp 300w\" sizes=\"(max-width: 559px) 100vw, 559px\" \/><\/div>\n\t\t<\/a>\n\t\t\t\t<div class=\"elementor-post__text\">\n\t\t\t\t<h2 class=\"elementor-post__title\">\n\t\t\t<a href=\"https:\/\/mingjiacnc.com\/es\/crecimiento-de-la-aplicacion-de-equipos-de-procesamiento-de-barras-colectoras-en-el-campo-de-las-nuevas-energias\/\">\n\t\t\t\tCrecimiento de la aplicaci\u00f3n de equipos de procesamiento de barras conductoras en el campo de las nuevas energ\u00edas\t\t\t<\/a>\n\t\t<\/h2>\n\t\t\t\t<div class=\"elementor-post__excerpt\">\n\t\t\t<p>Exportaci\u00f3n a Indonesia (construcci\u00f3n de redes el\u00e9ctricas): En diciembre de 2024, se exportaron tres m\u00e1quinas de procesamiento de barras conductoras personalizadas, con servoabrazaderas dobles y gu\u00edas lineales, capaces de<\/p>\n\t\t<\/div>\n\t\t\n\t\t<a class=\"elementor-post__read-more\" href=\"https:\/\/mingjiacnc.com\/es\/crecimiento-de-la-aplicacion-de-equipos-de-procesamiento-de-barras-colectoras-en-el-campo-de-las-nuevas-energias\/\" aria-label=\"Leer m\u00e1s sobre Crece la aplicaci\u00f3n de los equipos de procesamiento de barras conductoras en el campo de las nuevas energ\u00edas\" tabindex=\"-1\" target=\"_blank\">\n\t\t\tLeer M\u00e1s \u00bb\t\t<\/a>\n\n\t\t\t\t<\/div>\n\t\t\t\t<\/article>\n\t\t\t\t<article class=\"elementor-post elementor-grid-item post-184 post type-post status-publish format-standard has-post-thumbnail hentry category-news-blog\" role=\"listitem\">\n\t\t\t\t<a class=\"elementor-post__thumbnail__link\" href=\"https:\/\/mingjiacnc.com\/es\/optimizacion-continua-del-diseno-de-la-estructura-de-la-maquina-de-mecanizado-de-barras-colectoras\/\" tabindex=\"-1\">\n\t\t\t<div class=\"elementor-post__thumbnail\"><img decoding=\"async\" width=\"800\" height=\"563\" src=\"https:\/\/mingjiacnc.com\/wp-content\/uploads\/2025\/12\/\u65b0\u95fb-3-1024x721.webp\" class=\"attachment-large size-large wp-image-185\" alt=\"\" srcset=\"https:\/\/mingjiacnc.com\/wp-content\/uploads\/2025\/12\/\u65b0\u95fb-3-1024x721.webp 1024w, https:\/\/mingjiacnc.com\/wp-content\/uploads\/2025\/12\/\u65b0\u95fb-3-300x211.webp 300w, https:\/\/mingjiacnc.com\/wp-content\/uploads\/2025\/12\/\u65b0\u95fb-3-768x541.webp 768w, https:\/\/mingjiacnc.com\/wp-content\/uploads\/2025\/12\/\u65b0\u95fb-3.webp 1071w\" sizes=\"(max-width: 800px) 100vw, 800px\" \/><\/div>\n\t\t<\/a>\n\t\t\t\t<div class=\"elementor-post__text\">\n\t\t\t\t<h2 class=\"elementor-post__title\">\n\t\t\t<a href=\"https:\/\/mingjiacnc.com\/es\/optimizacion-continua-del-diseno-de-la-estructura-de-la-maquina-de-mecanizado-de-barras-colectoras\/\">\n\t\t\t\tOptimizaci\u00f3n continua del dise\u00f1o de la estructura de la m\u00e1quina de mecanizado de barras colectoras\t\t\t<\/a>\n\t\t<\/h2>\n\t\t\t\t<div class=\"elementor-post__excerpt\">\n\t\t\t<p>Exportaci\u00f3n a Malasia (fabricante de armarios de distribuci\u00f3n): En mayo de 2025, se exportaron cuatro m\u00e1quinas personalizadas de procesamiento de barras colectoras. Estas m\u00e1quinas cuentan con una torreta de 8+1 estaciones (8 punzones,<\/p>\n\t\t<\/div>\n\t\t\n\t\t<a class=\"elementor-post__read-more\" href=\"https:\/\/mingjiacnc.com\/es\/optimizacion-continua-del-diseno-de-la-estructura-de-la-maquina-de-mecanizado-de-barras-colectoras\/\" aria-label=\"Leer m\u00e1s sobre Optimizaci\u00f3n continua del dise\u00f1o de la estructura de la m\u00e1quina de mecanizado de barras colectoras\" tabindex=\"-1\" target=\"_blank\">\n\t\t\tLeer M\u00e1s \u00bb\t\t<\/a>\n\n\t\t\t\t<\/div>\n\t\t\t\t<\/article>\n\t\t\t\t<article class=\"elementor-post elementor-grid-item post-181 post type-post status-publish format-standard has-post-thumbnail hentry category-news-blog\" role=\"listitem\">\n\t\t\t\t<a class=\"elementor-post__thumbnail__link\" href=\"https:\/\/mingjiacnc.com\/es\/la-maquina-de-mecanizado-de-barras-colectoras-ayuda-a-un-cliente-del-sudeste-asiatico-a-aumentar-su-capacidad\/\" tabindex=\"-1\">\n\t\t\t<div class=\"elementor-post__thumbnail\"><img loading=\"lazy\" decoding=\"async\" width=\"800\" height=\"598\" src=\"https:\/\/mingjiacnc.com\/wp-content\/uploads\/2025\/12\/\u65b0\u95fb-2-1024x765.webp\" class=\"attachment-large size-large wp-image-182\" alt=\"\" srcset=\"https:\/\/mingjiacnc.com\/wp-content\/uploads\/2025\/12\/\u65b0\u95fb-2-1024x765.webp 1024w, https:\/\/mingjiacnc.com\/wp-content\/uploads\/2025\/12\/\u65b0\u95fb-2-300x224.webp 300w, https:\/\/mingjiacnc.com\/wp-content\/uploads\/2025\/12\/\u65b0\u95fb-2-768x574.webp 768w, https:\/\/mingjiacnc.com\/wp-content\/uploads\/2025\/12\/\u65b0\u95fb-2.webp 1071w\" sizes=\"(max-width: 800px) 100vw, 800px\" \/><\/div>\n\t\t<\/a>\n\t\t\t\t<div class=\"elementor-post__text\">\n\t\t\t\t<h2 class=\"elementor-post__title\">\n\t\t\t<a href=\"https:\/\/mingjiacnc.com\/es\/la-maquina-de-mecanizado-de-barras-colectoras-ayuda-a-un-cliente-del-sudeste-asiatico-a-aumentar-su-capacidad\/\">\n\t\t\t\tLa m\u00e1quina de mecanizado de barras colectoras ayuda a un cliente del sudeste asi\u00e1tico a aumentar su capacidad\t\t\t<\/a>\n\t\t<\/h2>\n\t\t\t\t<div class=\"elementor-post__excerpt\">\n\t\t\t<p>Exportaci\u00f3n a Tailandia (chapa de primera calidad): En marzo de 2025, exportamos m\u00e1quinas multifuncionales de procesamiento de barras colectoras para satisfacer la demanda de alta precisi\u00f3n y flexibilidad de los clientes del sudeste asi\u00e1tico<\/p>\n\t\t<\/div>\n\t\t\n\t\t<a class=\"elementor-post__read-more\" href=\"https:\/\/mingjiacnc.com\/es\/la-maquina-de-mecanizado-de-barras-colectoras-ayuda-a-un-cliente-del-sudeste-asiatico-a-aumentar-su-capacidad\/\" aria-label=\"Leer m\u00e1s sobre La m\u00e1quina de mecanizado de barras colectoras ayuda a un cliente del sudeste asi\u00e1tico a aumentar su capacidad\" tabindex=\"-1\" target=\"_blank\">\n\t\t\tLeer M\u00e1s \u00bb\t\t<\/a>\n\n\t\t\t\t<\/div>\n\t\t\t\t<\/article>\n\t\t\t\t<article class=\"elementor-post elementor-grid-item post-1 post type-post status-publish format-standard has-post-thumbnail hentry category-news-blog\" role=\"listitem\">\n\t\t\t\t<a class=\"elementor-post__thumbnail__link\" href=\"https:\/\/mingjiacnc.com\/es\/hola-mundo\/\" tabindex=\"-1\">\n\t\t\t<div class=\"elementor-post__thumbnail\"><img loading=\"lazy\" decoding=\"async\" width=\"800\" height=\"600\" src=\"https:\/\/mingjiacnc.com\/wp-content\/uploads\/2025\/12\/\u65b0\u95fb\u4ea7\u54c1\u56fe.webp\" class=\"attachment-large size-large wp-image-1444\" alt=\"\" srcset=\"https:\/\/mingjiacnc.com\/wp-content\/uploads\/2025\/12\/\u65b0\u95fb\u4ea7\u54c1\u56fe.webp 1000w, https:\/\/mingjiacnc.com\/wp-content\/uploads\/2025\/12\/\u65b0\u95fb\u4ea7\u54c1\u56fe-300x225.webp 300w, https:\/\/mingjiacnc.com\/wp-content\/uploads\/2025\/12\/\u65b0\u95fb\u4ea7\u54c1\u56fe-768x576.webp 768w, https:\/\/mingjiacnc.com\/wp-content\/uploads\/2025\/12\/\u65b0\u95fb\u4ea7\u54c1\u56fe-16x12.webp 16w\" sizes=\"(max-width: 800px) 100vw, 800px\" \/><\/div>\n\t\t<\/a>\n\t\t\t\t<div class=\"elementor-post__text\">\n\t\t\t\t<h2 class=\"elementor-post__title\">\n\t\t\t<a href=\"https:\/\/mingjiacnc.com\/es\/hola-mundo\/\">\n\t\t\t\tLa m\u00e1quina de procesamiento de barras colectoras de la empresa se ha exportado con \u00e9xito al mercado ruso\t\t\t<\/a>\n\t\t<\/h2>\n\t\t\t\t<div class=\"elementor-post__excerpt\">\n\t\t\t<p>Exportaci\u00f3n a Rusia (sector el\u00e9ctrico del autom\u00f3vil):En 2024, se exportaron seis m\u00e1quinas de procesamiento de barras colectoras de alta precisi\u00f3n. Estas m\u00e1quinas presentan una velocidad de punzonado de 200 golpes por minuto y una precisi\u00f3n de \u00b10,02 mm. Dise\u00f1adas para<\/p>\n\t\t<\/div>\n\t\t\n\t\t<a class=\"elementor-post__read-more\" href=\"https:\/\/mingjiacnc.com\/es\/hola-mundo\/\" aria-label=\"Leer m\u00e1s sobre La m\u00e1quina de procesamiento de barras colectoras de la empresa se ha exportado con \u00e9xito al mercado ruso\" tabindex=\"-1\" target=\"_blank\">\n\t\t\tLeer M\u00e1s \u00bb\t\t<\/a>\n\n\t\t\t\t<\/div>\n\t\t\t\t<\/article>\n\t\t\t\t<\/div>\n\t\t\n\t\t\t\t\t\t<\/div>\n\t\t\t\t<\/div>\n\t\t\t\t\t<\/div>\n\t\t\t\t<\/div>\n\t\t<div class=\"elementor-element elementor-element-d5270ea elementor-hidden-mobile e-flex e-con-boxed e-con e-parent\" data-id=\"d5270ea\" data-element_type=\"container\">\n\t\t\t\t\t<div class=\"e-con-inner\">\n\t\t\t\t<div class=\"elementor-element elementor-element-f67fa1d elementor-grid-1 elementor-posts--thumbnail-left elementor-grid-tablet-1 elementor-grid-mobile-1 elementor-widget elementor-widget-posts\" data-id=\"f67fa1d\" data-element_type=\"widget\" data-settings=\"{&quot;classic_columns&quot;:&quot;1&quot;,&quot;classic_columns_tablet&quot;:&quot;1&quot;,&quot;classic_columns_mobile&quot;:&quot;1&quot;,&quot;classic_row_gap&quot;:{&quot;unit&quot;:&quot;px&quot;,&quot;size&quot;:35,&quot;sizes&quot;:[]},&quot;classic_row_gap_tablet&quot;:{&quot;unit&quot;:&quot;px&quot;,&quot;size&quot;:&quot;&quot;,&quot;sizes&quot;:[]},&quot;classic_row_gap_mobile&quot;:{&quot;unit&quot;:&quot;px&quot;,&quot;size&quot;:&quot;&quot;,&quot;sizes&quot;:[]}}\" data-widget_type=\"posts.classic\">\n\t\t\t\t<div class=\"elementor-widget-container\">\n\t\t\t\t\t\t\t<div class=\"elementor-posts-container elementor-posts elementor-posts--skin-classic elementor-grid\" role=\"list\">\n\t\t\t\t<article class=\"elementor-post elementor-grid-item post-1879 post type-post status-publish format-standard has-post-thumbnail hentry category-news-blog\" role=\"listitem\">\n\t\t\t\t<a class=\"elementor-post__thumbnail__link\" href=\"https:\/\/mingjiacnc.com\/es\/https-mingjiacnc-com\/\" tabindex=\"-1\">\n\t\t\t<div class=\"elementor-post__thumbnail\"><img fetchpriority=\"high\" decoding=\"async\" width=\"800\" height=\"566\" src=\"https:\/\/mingjiacnc.com\/wp-content\/uploads\/2026\/02\/\u5f00\u5f0f-1024x724.webp\" class=\"attachment-large size-large wp-image-1865\" alt=\"\" srcset=\"https:\/\/mingjiacnc.com\/wp-content\/uploads\/2026\/02\/\u5f00\u5f0f-1024x724.webp 1024w, https:\/\/mingjiacnc.com\/wp-content\/uploads\/2026\/02\/\u5f00\u5f0f-300x212.webp 300w, https:\/\/mingjiacnc.com\/wp-content\/uploads\/2026\/02\/\u5f00\u5f0f-768x543.webp 768w, https:\/\/mingjiacnc.com\/wp-content\/uploads\/2026\/02\/\u5f00\u5f0f-1536x1086.webp 1536w, https:\/\/mingjiacnc.com\/wp-content\/uploads\/2026\/02\/\u5f00\u5f0f-18x12.webp 18w, https:\/\/mingjiacnc.com\/wp-content\/uploads\/2026\/02\/\u5f00\u5f0f.webp 1811w\" sizes=\"(max-width: 800px) 100vw, 800px\" \/><\/div>\n\t\t<\/a>\n\t\t\t\t<div class=\"elementor-post__text\">\n\t\t\t\t<h2 class=\"elementor-post__title\">\n\t\t\t<a href=\"https:\/\/mingjiacnc.com\/es\/https-mingjiacnc-com\/\">\n\t\t\t\tM\u00e1quina de procesamiento de barras conductoras CNC: 5 Estrictos controles de calidad antes del env\u00edo\t\t\t<\/a>\n\t\t<\/h2>\n\t\t\t\t<div class=\"elementor-post__excerpt\">\n\t\t\t<p>Muchos clientes extranjeros nos siguen haciendo la misma pregunta, ya sea por correo electr\u00f3nico o durante las videollamadas: \u00bfEs fiable el env\u00edo de su m\u00e1quina de barras colectoras? \u00bfS\u00f3lo<\/p>\n\t\t<\/div>\n\t\t\n\t\t<a class=\"elementor-post__read-more\" href=\"https:\/\/mingjiacnc.com\/es\/https-mingjiacnc-com\/\" aria-label=\"Leer m\u00e1s sobre CNC Busbar Processing Machine: 5 estrictos controles de calidad antes del env\u00edo\" tabindex=\"-1\">\n\t\t\tLeer M\u00e1s \u00bb\t\t<\/a>\n\n\t\t\t\t<\/div>\n\t\t\t\t<\/article>\n\t\t\t\t<article class=\"elementor-post elementor-grid-item post-187 post type-post status-publish format-standard has-post-thumbnail hentry category-news-blog\" role=\"listitem\">\n\t\t\t\t<a class=\"elementor-post__thumbnail__link\" href=\"https:\/\/mingjiacnc.com\/es\/crecimiento-de-la-aplicacion-de-equipos-de-procesamiento-de-barras-colectoras-en-el-campo-de-las-nuevas-energias\/\" tabindex=\"-1\">\n\t\t\t<div class=\"elementor-post__thumbnail\"><img decoding=\"async\" width=\"559\" height=\"320\" src=\"https:\/\/mingjiacnc.com\/wp-content\/uploads\/2025\/12\/\u65b0\u95fb-4-1.webp\" class=\"attachment-large size-large wp-image-205\" alt=\"\" srcset=\"https:\/\/mingjiacnc.com\/wp-content\/uploads\/2025\/12\/\u65b0\u95fb-4-1.webp 559w, https:\/\/mingjiacnc.com\/wp-content\/uploads\/2025\/12\/\u65b0\u95fb-4-1-300x172.webp 300w\" sizes=\"(max-width: 559px) 100vw, 559px\" \/><\/div>\n\t\t<\/a>\n\t\t\t\t<div class=\"elementor-post__text\">\n\t\t\t\t<h2 class=\"elementor-post__title\">\n\t\t\t<a href=\"https:\/\/mingjiacnc.com\/es\/crecimiento-de-la-aplicacion-de-equipos-de-procesamiento-de-barras-colectoras-en-el-campo-de-las-nuevas-energias\/\">\n\t\t\t\tCrecimiento de la aplicaci\u00f3n de equipos de procesamiento de barras conductoras en el campo de las nuevas energ\u00edas\t\t\t<\/a>\n\t\t<\/h2>\n\t\t\t\t<div class=\"elementor-post__excerpt\">\n\t\t\t<p>Exportaci\u00f3n a Indonesia (construcci\u00f3n de redes el\u00e9ctricas): En diciembre de 2024, se exportaron tres m\u00e1quinas de procesamiento de barras conductoras personalizadas, con servoabrazaderas dobles y gu\u00edas lineales, capaces de<\/p>\n\t\t<\/div>\n\t\t\n\t\t<a class=\"elementor-post__read-more\" href=\"https:\/\/mingjiacnc.com\/es\/crecimiento-de-la-aplicacion-de-equipos-de-procesamiento-de-barras-colectoras-en-el-campo-de-las-nuevas-energias\/\" aria-label=\"Leer m\u00e1s sobre Crece la aplicaci\u00f3n de los equipos de procesamiento de barras conductoras en el campo de las nuevas energ\u00edas\" tabindex=\"-1\">\n\t\t\tLeer M\u00e1s \u00bb\t\t<\/a>\n\n\t\t\t\t<\/div>\n\t\t\t\t<\/article>\n\t\t\t\t<article class=\"elementor-post elementor-grid-item post-184 post type-post status-publish format-standard has-post-thumbnail hentry category-news-blog\" role=\"listitem\">\n\t\t\t\t<a class=\"elementor-post__thumbnail__link\" href=\"https:\/\/mingjiacnc.com\/es\/optimizacion-continua-del-diseno-de-la-estructura-de-la-maquina-de-mecanizado-de-barras-colectoras\/\" tabindex=\"-1\">\n\t\t\t<div class=\"elementor-post__thumbnail\"><img decoding=\"async\" width=\"800\" height=\"563\" src=\"https:\/\/mingjiacnc.com\/wp-content\/uploads\/2025\/12\/\u65b0\u95fb-3-1024x721.webp\" class=\"attachment-large size-large wp-image-185\" alt=\"\" srcset=\"https:\/\/mingjiacnc.com\/wp-content\/uploads\/2025\/12\/\u65b0\u95fb-3-1024x721.webp 1024w, https:\/\/mingjiacnc.com\/wp-content\/uploads\/2025\/12\/\u65b0\u95fb-3-300x211.webp 300w, https:\/\/mingjiacnc.com\/wp-content\/uploads\/2025\/12\/\u65b0\u95fb-3-768x541.webp 768w, https:\/\/mingjiacnc.com\/wp-content\/uploads\/2025\/12\/\u65b0\u95fb-3.webp 1071w\" sizes=\"(max-width: 800px) 100vw, 800px\" \/><\/div>\n\t\t<\/a>\n\t\t\t\t<div class=\"elementor-post__text\">\n\t\t\t\t<h2 class=\"elementor-post__title\">\n\t\t\t<a href=\"https:\/\/mingjiacnc.com\/es\/optimizacion-continua-del-diseno-de-la-estructura-de-la-maquina-de-mecanizado-de-barras-colectoras\/\">\n\t\t\t\tOptimizaci\u00f3n continua del dise\u00f1o de la estructura de la m\u00e1quina de mecanizado de barras colectoras\t\t\t<\/a>\n\t\t<\/h2>\n\t\t\t\t<div class=\"elementor-post__excerpt\">\n\t\t\t<p>Exportaci\u00f3n a Malasia (fabricante de armarios de distribuci\u00f3n): En mayo de 2025, se exportaron cuatro m\u00e1quinas personalizadas de procesamiento de barras colectoras. Estas m\u00e1quinas cuentan con una torreta de 8+1 estaciones (8 punzones,<\/p>\n\t\t<\/div>\n\t\t\n\t\t<a class=\"elementor-post__read-more\" href=\"https:\/\/mingjiacnc.com\/es\/optimizacion-continua-del-diseno-de-la-estructura-de-la-maquina-de-mecanizado-de-barras-colectoras\/\" aria-label=\"Leer m\u00e1s sobre Optimizaci\u00f3n continua del dise\u00f1o de la estructura de la m\u00e1quina de mecanizado de barras colectoras\" tabindex=\"-1\">\n\t\t\tLeer M\u00e1s \u00bb\t\t<\/a>\n\n\t\t\t\t<\/div>\n\t\t\t\t<\/article>\n\t\t\t\t<article class=\"elementor-post elementor-grid-item post-181 post type-post status-publish format-standard has-post-thumbnail hentry category-news-blog\" role=\"listitem\">\n\t\t\t\t<a class=\"elementor-post__thumbnail__link\" href=\"https:\/\/mingjiacnc.com\/es\/la-maquina-de-mecanizado-de-barras-colectoras-ayuda-a-un-cliente-del-sudeste-asiatico-a-aumentar-su-capacidad\/\" tabindex=\"-1\">\n\t\t\t<div class=\"elementor-post__thumbnail\"><img loading=\"lazy\" decoding=\"async\" width=\"800\" height=\"598\" src=\"https:\/\/mingjiacnc.com\/wp-content\/uploads\/2025\/12\/\u65b0\u95fb-2-1024x765.webp\" class=\"attachment-large size-large wp-image-182\" alt=\"\" srcset=\"https:\/\/mingjiacnc.com\/wp-content\/uploads\/2025\/12\/\u65b0\u95fb-2-1024x765.webp 1024w, https:\/\/mingjiacnc.com\/wp-content\/uploads\/2025\/12\/\u65b0\u95fb-2-300x224.webp 300w, https:\/\/mingjiacnc.com\/wp-content\/uploads\/2025\/12\/\u65b0\u95fb-2-768x574.webp 768w, https:\/\/mingjiacnc.com\/wp-content\/uploads\/2025\/12\/\u65b0\u95fb-2.webp 1071w\" sizes=\"(max-width: 800px) 100vw, 800px\" \/><\/div>\n\t\t<\/a>\n\t\t\t\t<div class=\"elementor-post__text\">\n\t\t\t\t<h2 class=\"elementor-post__title\">\n\t\t\t<a href=\"https:\/\/mingjiacnc.com\/es\/la-maquina-de-mecanizado-de-barras-colectoras-ayuda-a-un-cliente-del-sudeste-asiatico-a-aumentar-su-capacidad\/\">\n\t\t\t\tLa m\u00e1quina de mecanizado de barras colectoras ayuda a un cliente del sudeste asi\u00e1tico a aumentar su capacidad\t\t\t<\/a>\n\t\t<\/h2>\n\t\t\t\t<div class=\"elementor-post__excerpt\">\n\t\t\t<p>Exportaci\u00f3n a Tailandia (chapa de primera calidad): En marzo de 2025, exportamos m\u00e1quinas multifuncionales de procesamiento de barras colectoras para satisfacer la demanda de alta precisi\u00f3n y flexibilidad de los clientes del sudeste asi\u00e1tico<\/p>\n\t\t<\/div>\n\t\t\n\t\t<a class=\"elementor-post__read-more\" href=\"https:\/\/mingjiacnc.com\/es\/la-maquina-de-mecanizado-de-barras-colectoras-ayuda-a-un-cliente-del-sudeste-asiatico-a-aumentar-su-capacidad\/\" aria-label=\"Leer m\u00e1s sobre La m\u00e1quina de mecanizado de barras colectoras ayuda a un cliente del sudeste asi\u00e1tico a aumentar su capacidad\" tabindex=\"-1\">\n\t\t\tLeer M\u00e1s \u00bb\t\t<\/a>\n\n\t\t\t\t<\/div>\n\t\t\t\t<\/article>\n\t\t\t\t<article class=\"elementor-post elementor-grid-item post-1 post type-post status-publish format-standard has-post-thumbnail hentry category-news-blog\" role=\"listitem\">\n\t\t\t\t<a class=\"elementor-post__thumbnail__link\" href=\"https:\/\/mingjiacnc.com\/es\/hola-mundo\/\" tabindex=\"-1\">\n\t\t\t<div class=\"elementor-post__thumbnail\"><img loading=\"lazy\" decoding=\"async\" width=\"800\" height=\"600\" src=\"https:\/\/mingjiacnc.com\/wp-content\/uploads\/2025\/12\/\u65b0\u95fb\u4ea7\u54c1\u56fe.webp\" class=\"attachment-large size-large wp-image-1444\" alt=\"\" srcset=\"https:\/\/mingjiacnc.com\/wp-content\/uploads\/2025\/12\/\u65b0\u95fb\u4ea7\u54c1\u56fe.webp 1000w, https:\/\/mingjiacnc.com\/wp-content\/uploads\/2025\/12\/\u65b0\u95fb\u4ea7\u54c1\u56fe-300x225.webp 300w, https:\/\/mingjiacnc.com\/wp-content\/uploads\/2025\/12\/\u65b0\u95fb\u4ea7\u54c1\u56fe-768x576.webp 768w, https:\/\/mingjiacnc.com\/wp-content\/uploads\/2025\/12\/\u65b0\u95fb\u4ea7\u54c1\u56fe-16x12.webp 16w\" sizes=\"(max-width: 800px) 100vw, 800px\" \/><\/div>\n\t\t<\/a>\n\t\t\t\t<div class=\"elementor-post__text\">\n\t\t\t\t<h2 class=\"elementor-post__title\">\n\t\t\t<a href=\"https:\/\/mingjiacnc.com\/es\/hola-mundo\/\">\n\t\t\t\tLa m\u00e1quina de procesamiento de barras colectoras de la empresa se ha exportado con \u00e9xito al mercado ruso\t\t\t<\/a>\n\t\t<\/h2>\n\t\t\t\t<div class=\"elementor-post__excerpt\">\n\t\t\t<p>Exportaci\u00f3n a Rusia (sector el\u00e9ctrico del autom\u00f3vil):En 2024, se exportaron seis m\u00e1quinas de procesamiento de barras colectoras de alta precisi\u00f3n. Estas m\u00e1quinas presentan una velocidad de punzonado de 200 golpes por minuto y una precisi\u00f3n de \u00b10,02 mm. Dise\u00f1adas para<\/p>\n\t\t<\/div>\n\t\t\n\t\t<a class=\"elementor-post__read-more\" href=\"https:\/\/mingjiacnc.com\/es\/hola-mundo\/\" aria-label=\"Leer m\u00e1s sobre La m\u00e1quina de procesamiento de barras colectoras de la empresa se ha exportado con \u00e9xito al mercado ruso\" tabindex=\"-1\">\n\t\t\tLeer M\u00e1s \u00bb\t\t<\/a>\n\n\t\t\t\t<\/div>\n\t\t\t\t<\/article>\n\t\t\t\t<\/div>\n\t\t\n\t\t\t\t\t\t<\/div>\n\t\t\t\t<\/div>\n\t\t\t\t\t<\/div>\n\t\t\t\t<\/div>\n\t\t\t\t<\/div>","protected":false},"excerpt":{"rendered":"","protected":false},"author":1,"featured_media":0,"parent":0,"menu_order":0,"comment_status":"closed","ping_status":"closed","template":"","meta":{"_acf_changed":false,"footnotes":""},"class_list":["post-241","page","type-page","status-publish","hentry"],"acf":[],"_links":{"self":[{"href":"https:\/\/mingjiacnc.com\/es\/wp-json\/wp\/v2\/pages\/241","targetHints":{"allow":["GET"]}}],"collection":[{"href":"https:\/\/mingjiacnc.com\/es\/wp-json\/wp\/v2\/pages"}],"about":[{"href":"https:\/\/mingjiacnc.com\/es\/wp-json\/wp\/v2\/types\/page"}],"author":[{"embeddable":true,"href":"https:\/\/mingjiacnc.com\/es\/wp-json\/wp\/v2\/users\/1"}],"replies":[{"embeddable":true,"href":"https:\/\/mingjiacnc.com\/es\/wp-json\/wp\/v2\/comments?post=241"}],"version-history":[{"count":39,"href":"https:\/\/mingjiacnc.com\/es\/wp-json\/wp\/v2\/pages\/241\/revisions"}],"predecessor-version":[{"id":1394,"href":"https:\/\/mingjiacnc.com\/es\/wp-json\/wp\/v2\/pages\/241\/revisions\/1394"}],"wp:attachment":[{"href":"https:\/\/mingjiacnc.com\/es\/wp-json\/wp\/v2\/media?parent=241"}],"curies":[{"name":"wp","href":"https:\/\/api.w.org\/{rel}","templated":true}]}}