{"id":51,"date":"2025-12-24T06:09:46","date_gmt":"2025-12-24T06:09:46","guid":{"rendered":"https:\/\/mingjiacnc.com\/?page_id=51"},"modified":"2026-02-24T15:25:22","modified_gmt":"2026-02-24T07:25:22","slug":"uber-uns","status":"publish","type":"page","link":"https:\/\/mingjiacnc.com\/de\/uber-uns\/","title":{"rendered":"\u00dcber uns"},"content":{"rendered":"<div data-elementor-type=\"wp-page\" data-elementor-id=\"51\" class=\"elementor elementor-51\" data-elementor-post-type=\"page\">\n\t\t\t\t<div class=\"elementor-element elementor-element-b90219e e-con-full e-flex e-con e-parent\" data-id=\"b90219e\" data-element_type=\"container\" data-settings=\"{&quot;background_background&quot;:&quot;classic&quot;}\">\n\t\t<div class=\"elementor-element elementor-element-72806c4 e-con-full e-flex e-con e-child\" data-id=\"72806c4\" data-element_type=\"container\">\n\t\t\t\t<div class=\"elementor-element elementor-element-faf7329 elementor-widget elementor-widget-heading\" data-id=\"faf7329\" data-element_type=\"widget\" data-widget_type=\"heading.default\">\n\t\t\t\t\t<h2 class=\"elementor-heading-title elementor-size-default\">Effiziente Fertigung, pr\u00e4zise Bef\u00e4higung<\/h2>\t\t\t\t<\/div>\n\t\t\t\t<\/div>\n\t\t\t\t<\/div>\n\t\t<div class=\"elementor-element elementor-element-0769901 e-flex e-con-boxed e-con e-parent\" data-id=\"0769901\" data-element_type=\"container\">\n\t\t\t\t\t<div class=\"e-con-inner\">\n\t\t\t\t<div class=\"elementor-element elementor-element-eae924c elementor-widget elementor-widget-shortcode\" data-id=\"eae924c\" data-element_type=\"widget\" data-widget_type=\"shortcode.default\">\n\t\t\t\t\t\t\t<div class=\"elementor-shortcode\"><nav aria-label=\"Semmelbr\u00f6sel\" class=\"rank-math-breadcrumb\"><p><span class=\"last\">Startseite<\/span><\/p><\/nav><\/div>\n\t\t\t\t\t\t<\/div>\n\t\t\t\t\t<\/div>\n\t\t\t\t<\/div>\n\t\t<div class=\"elementor-element elementor-element-0523070 e-flex e-con-boxed e-con e-parent\" data-id=\"0523070\" data-element_type=\"container\">\n\t\t\t\t\t<div class=\"e-con-inner\">\n\t\t<div class=\"elementor-element elementor-element-63a4fbe e-con-full e-flex e-con e-child\" data-id=\"63a4fbe\" data-element_type=\"container\">\n\t\t\t\t<div class=\"elementor-element elementor-element-ba114c4 elementor-widget elementor-widget-heading\" data-id=\"ba114c4\" data-element_type=\"widget\" data-widget_type=\"heading.default\">\n\t\t\t\t\t<h2 class=\"elementor-heading-title elementor-size-default\">\u00dcber uns<\/h2>\t\t\t\t<\/div>\n\t\t\t\t<div class=\"elementor-element elementor-element-f373974 elementor-widget elementor-widget-image\" data-id=\"f373974\" data-element_type=\"widget\" data-widget_type=\"image.default\">\n\t\t\t\t\t\t\t\t\t\t\t\t\t\t\t<img decoding=\"async\" width=\"200\" height=\"5\" src=\"https:\/\/mingjiacnc.com\/wp-content\/uploads\/2025\/12\/\u8272\u6761-4.webp\" class=\"attachment-large size-large wp-image-97\" alt=\"\" srcset=\"https:\/\/mingjiacnc.com\/wp-content\/uploads\/2025\/12\/\u8272\u6761-4.webp 200w, https:\/\/mingjiacnc.com\/wp-content\/uploads\/2025\/12\/\u8272\u6761-4-150x5.webp 150w\" sizes=\"(max-width: 200px) 100vw, 200px\" \/>\t\t\t\t\t\t\t\t\t\t\t\t\t\t\t<\/div>\n\t\t\t\t<div class=\"elementor-element elementor-element-04b0c55 elementor-widget elementor-widget-ucaddon_image_accodion\" data-id=\"04b0c55\" data-element_type=\"widget\" data-widget_type=\"ucaddon_image_accodion.default\">\n\t\t\t\t<div class=\"elementor-widget-container\">\n\t\t\t\t\t\n<!-- start Image Accordion -->\n\t\t<link id='font-awesome-css' href='https:\/\/mingjiacnc.com\/wp-content\/plugins\/unlimited-elements-for-elementor-premium\/assets_libraries\/font-awesome6\/fontawesome-all.min.css' type='text\/css' rel='stylesheet' >\n\t\t<link id='font-awesome-4-shim-css' href='https:\/\/mingjiacnc.com\/wp-content\/plugins\/unlimited-elements-for-elementor-premium\/assets_libraries\/font-awesome6\/fontawesome-v4-shims.min.css' type='text\/css' rel='stylesheet' >\n\n<style>\/* widget: Image Accordion *\/\n\n\n\n#uc_image_accodion_elementor_04b0c55 * { \n  box-sizing: border-box; \n}\n\n#uc_image_accodion_elementor_04b0c55.uc_image_accodion .uc_content .uc_image_accodion_holder{\n  transition: 400ms;\n}\n\n#uc_image_accodion_elementor_04b0c55  a.uc_more_btn{\n  display:inline-block;\n  text-decoration:none; \n}\n\n#uc_image_accodion_elementor_04b0c55 .uc_content{\n  display: flex;\n  flex-wrap: wrap;\n  transform:rotate(0deg);\n}\n\n#uc_image_accodion_elementor_04b0c55 .uc_content .uc_image_accodion_holder{\n  display: block;\n  background-repeat: no-repeat;\n  flex: 1;\n  text-align: center;\n  position: relative;\n  text-decoration: none;\n  transition: 400ms;\n  overflow:hidden;\n  transform:skew(0deg);\n  overflow:hidden;\n}\n\n#uc_image_accodion_elementor_04b0c55 .uc_content .uc_image_accodion_holder.uc_hover{\n  flex: 2;\n}\n\n#uc_image_accodion_elementor_04b0c55 .uc_content .uc_image_accodion_holder .uc_overlay > * {\n  transform:skew(-0deg) rotate(-0deg);\n}\n\n#uc_image_accodion_elementor_04b0c55 .uc_content .uc_image_accodion_holder .uc_overlay {\n  display: flex;\n  justify-content: center;\n  position: absolute;\n  top: 0;\n  right: 0;\n  bottom: 0;\n  left: 0;\n  transition:400ms;\n}\n\n#uc_image_accodion_elementor_04b0c55 .uc_content .uc_overlay .uc_overlay_inner {\n  z-index: 1;\n}\n\n#uc_image_accodion_elementor_04b0c55 .uc_content .uc_overlay .ue_title-wrapper { \n  visibility: hidden;\n  transition: .1s;\n}\n\n#uc_image_accodion_elementor_04b0c55 .uc_content .uc_image_accodion_holder.uc_hover .ue_title-wrapper {\n  visibility: visible;\n  transition: 400ms;\n  transition-delay: 400ms;\n}\n\n\n#uc_image_accodion_elementor_04b0c55 .uc_content .uc_overlay .uc_overlay_inner div.ue-content {\n  transform: translate3d(0,60px,0);\n  opacity: 0;\n  visibility: hidden;\n}\n\n#uc_image_accodion_elementor_04b0c55 .uc_content .uc_image_accodion_holder.uc_hover .uc_overlay .uc_overlay_inner div.ue-content {\n  opacity: 1;\n  visibility: visible;\n  transform: translate3d(0,0,0);\n  transition: 400ms;\n  transition-delay: 400ms;\n}\n\n\n\n#uc_image_accodion_elementor_04b0c55 .ue_item_icon{\n  line-height:1em;\n  transition: all .1s ease;\n}\n\n#uc_image_accodion_elementor_04b0c55 .uc_image_accodion_holder.uc_hover .ue_item_icon{\n  transition: all .3s ease;\n  transition-delay: 400ms;\n}\n\n#uc_image_accodion_elementor_04b0c55 .ue_item_icon svg{\n  height:1em;\n  width:1em;\n}\n\n#uc_image_accodion_elementor_04b0c55 .ue_subtitle{\n  display:block;\n}\n\n\n#uc_image_accodion_elementor_04b0c55 .uc_item_link{\n  position: absolute;\n  top: 0;\n  left: ;\n  width: 100%;\n  height: 100%;\n  display: block;\n  z-index: 1;\n}\n\n@media only screen and (max-width:800px){\n  #uc_image_accodion_elementor_04b0c55 .uc_content {\n    flex-direction: column;\n  }\n}\n\n<\/style>\n\n<div class=\"uc_image_accodion uc_creative_buttons\" id=\"uc_image_accodion_elementor_04b0c55\" data-mobilestart=\"\"  >\n  <div class=\"uc_content uc-items-wrapper\">\n    \n\n<div class=\"uc_image_accodion_holder\"  style=\"background-image: url(https:\/\/mingjiacnc.com\/wp-content\/uploads\/2025\/12\/49910dff6df64e869191f93603a0a0a4.webp); background-position:center center; background-size:cover;\" aria-label=\"Titel\" aria-expanded=\"false\" role=\"button\" tabindex=\"0\">\n  <div class=\"uc_overlay\">\n    <div class=\"uc_overlay_inner\">\n            \t       \n             \n              <div class=\"ue-content\"> \n                         \n                  <\/div>\n            \n          \n    <\/div>\n  <\/div>  \n      \n<\/div>\n\n\n<div class=\"uc_image_accodion_holder\"  style=\"background-image: url(https:\/\/mingjiacnc.com\/wp-content\/uploads\/2025\/12\/641-768x1152.webp); background-position:center center; background-size:cover;\" aria-label=\"Titel\" aria-expanded=\"false\" role=\"button\" tabindex=\"0\">\n  <div class=\"uc_overlay\">\n    <div class=\"uc_overlay_inner\">\n            \t       \n             \n              <div class=\"ue-content\"> \n                         \n                  <\/div>\n            \n          \n    <\/div>\n  <\/div>  \n      \n<\/div>\n\n\n<div class=\"uc_image_accodion_holder\"  style=\"background-image: url(https:\/\/mingjiacnc.com\/wp-content\/uploads\/2025\/12\/staff_1024.webp); background-position:center center; background-size:cover;\" aria-label=\"Titel\" aria-expanded=\"false\" role=\"button\" tabindex=\"0\">\n  <div class=\"uc_overlay\">\n    <div class=\"uc_overlay_inner\">\n            \t       \n             \n              <div class=\"ue-content\"> \n                         \n                  <\/div>\n            \n          \n    <\/div>\n  <\/div>  \n      \n<\/div>\n\n  <\/div>\n<\/div>\n<!-- end Image Accordion -->\t\t\t\t<\/div>\n\t\t\t\t<\/div>\n\t\t\t\t<\/div>\n\t\t<div class=\"elementor-element elementor-element-0dfa81a e-con-full e-flex e-con e-child\" data-id=\"0dfa81a\" data-element_type=\"container\">\n\t\t\t\t<div class=\"elementor-element elementor-element-93863a6 elementor-widget elementor-widget-text-editor\" data-id=\"93863a6\" data-element_type=\"widget\" data-widget_type=\"text-editor.default\">\n\t\t\t\t\t\t\t\t\t<p>Shandong Ming Jia CNC Equipment Co. ist ein wissenschaftlich-technisches Unternehmen, das sich auf die Entwicklung und Produktion von elektrischen Ger\u00e4ten und CNC-Blechmaschinen spezialisiert hat.<\/p><p>Zu den Hauptprodukten des Unternehmens geh\u00f6ren CNC-Sammelschienenbearbeitungsmaschinen, CNC-Sammelschienen-Stanz- und Schermaschinen, CNC-Sammelschienenbiegemaschinen, Revolverschienenbearbeitungsmaschinen, wirtschaftliche Sammelschienenbearbeitungsmaschinen, Sammelschienenrichtmaschinen und andere Sammelschienenbearbeitungsger\u00e4te. Wir produzieren auch Transformator-Wickelmaschinen, Folienwickelmaschinen, Transformator-Wellblechformmaschinen, Rundschermaschinen und andere Transformator-Bearbeitungsger\u00e4te.<\/p><p>Diese Produkte finden breite Anwendung in Hoch- und Niederspannungsschaltanlagen, Transformatoren, elektrischen Schaltern, Kommunikationsausr\u00fcstungen, in der Schifffahrt, in der B\u00fcroautomation, im Aufzugbau, im Schaltschrankbau und in anderen Branchen.<\/p><p>Das Unternehmen h\u00e4lt sich an die Gesch\u00e4ftsphilosophie \u201cQualit\u00e4t zuerst, Ruf zuerst, ehrlicher Service und effektives Management\u201d. Durch strenge Qualit\u00e4tskontrollen und perfekten Kundendienst wollen wir unseren Kunden zufriedenstellende Produkte liefern. Wir erf\u00fcllen die Bed\u00fcrfnisse der Kunden in verschiedenen Phasen, wie z. B. Vorabberatung, mittelfristige Vertragsabwicklung, Installation und Inbetriebnahme nach dem Verkauf sowie Ersatzteilversorgung.<\/p><p>Shandong Mingjia CNC Equipment Co., Ltd. hei\u00dft Kunden aus dem In- und Ausland herzlich willkommen, unser Unternehmen zu besuchen, um sich beraten zu lassen und zu kooperieren! Wir freuen uns auf die Zusammenarbeit mit Ihnen, um eine bessere Zukunft zu schaffen.<\/p>\t\t\t\t\t\t\t\t<\/div>\n\t\t\t\t<\/div>\n\t\t\t\t\t<\/div>\n\t\t\t\t<\/div>\n\t\t<div class=\"elementor-element elementor-element-d528435 e-flex e-con-boxed e-con e-parent\" data-id=\"d528435\" data-element_type=\"container\">\n\t\t\t\t\t<div class=\"e-con-inner\">\n\t\t<div class=\"elementor-element elementor-element-9b55ffe e-con-full e-flex e-con e-child\" data-id=\"9b55ffe\" data-element_type=\"container\">\n\t\t\t\t<div class=\"elementor-element elementor-element-e3dbcb0 elementor-view-default elementor-widget elementor-widget-icon\" data-id=\"e3dbcb0\" data-element_type=\"widget\" data-widget_type=\"icon.default\">\n\t\t\t\t\t\t\t<div class=\"elementor-icon-wrapper\">\n\t\t\t<div class=\"elementor-icon\">\n\t\t\t<svg aria-hidden=\"true\" class=\"e-font-icon-svg e-fas-user-tie\" viewbox=\"0 0 448 512\" xmlns=\"http:\/\/www.w3.org\/2000\/svg\"><path d=\"M224 256c70.7 0 128-57.3 128-128S294.7 0 224 0 96 57.3 96 128s57.3 128 128 128zm95.8 32.6L272 480l-32-136 32-56h-96l32 56-32 136-47.8-191.4C56.9 292 0 350.3 0 422.4V464c0 26.5 21.5 48 48 48h352c26.5 0 48-21.5 48-48v-41.6c0-72.1-56.9-130.4-128.2-133.8z\"><\/path><\/svg>\t\t\t<\/div>\n\t\t<\/div>\n\t\t\t\t\t\t<\/div>\n\t\t\t\t<div class=\"elementor-element elementor-element-c3c7326 elementor-widget elementor-widget-counter\" data-id=\"c3c7326\" data-element_type=\"widget\" data-widget_type=\"counter.default\">\n\t\t\t\t\t\t\t<div class=\"elementor-counter\">\n\t\t\t<div class=\"elementor-counter-title\">Mitarbeiter<\/div>\t\t\t<div class=\"elementor-counter-number-wrapper\">\n\t\t\t\t<span class=\"elementor-counter-number-prefix\"><\/span>\n\t\t\t\t<span class=\"elementor-counter-number\" data-duration=\"2000\" data-to-value=\"37\" data-from-value=\"0\" data-delimiter=\",\">0<\/span>\n\t\t\t\t<span class=\"elementor-counter-number-suffix\">+<\/span>\n\t\t\t<\/div>\n\t\t<\/div>\n\t\t\t\t\t\t<\/div>\n\t\t\t\t<\/div>\n\t\t<div class=\"elementor-element elementor-element-2e5eb6c e-con-full e-flex e-con e-child\" data-id=\"2e5eb6c\" data-element_type=\"container\">\n\t\t\t\t<div class=\"elementor-element elementor-element-9c2d7a9 elementor-view-default elementor-widget elementor-widget-icon\" data-id=\"9c2d7a9\" data-element_type=\"widget\" data-widget_type=\"icon.default\">\n\t\t\t\t\t\t\t<div class=\"elementor-icon-wrapper\">\n\t\t\t<div class=\"elementor-icon\">\n\t\t\t<svg aria-hidden=\"true\" class=\"e-font-icon-svg e-fas-globe\" viewbox=\"0 0 496 512\" xmlns=\"http:\/\/www.w3.org\/2000\/svg\"><path d=\"M336.5 160C322 70.7 287.8 8 248 8s-74 62.7-88.5 152h177zM152 256c0 22.2 1.2 43.5 3.3 64h185.3c2.1-20.5 3.3-41.8 3.3-64s-1.2-43.5-3.3-64H155.3c-2.1 20.5-3.3 41.8-3.3 64zm324.7-96c-28.6-67.9-86.5-120.4-158-141.6 24.4 33.8 41.2 84.7 50 141.6h108zM177.2 18.4C105.8 39.6 47.8 92.1 19.3 160h108c8.7-56.9 25.5-107.8 49.9-141.6zM487.4 192H372.7c2.1 21 3.3 42.5 3.3 64s-1.2 43-3.3 64h114.6c5.5-20.5 8.6-41.8 8.6-64s-3.1-43.5-8.5-64zM120 256c0-21.5 1.2-43 3.3-64H8.6C3.2 212.5 0 233.8 0 256s3.2 43.5 8.6 64h114.6c-2-21-3.2-42.5-3.2-64zm39.5 96c14.5 89.3 48.7 152 88.5 152s74-62.7 88.5-152h-177zm159.3 141.6c71.4-21.2 129.4-73.7 158-141.6h-108c-8.8 56.9-25.6 107.8-50 141.6zM19.3 352c28.6 67.9 86.5 120.4 158 141.6-24.4-33.8-41.2-84.7-50-141.6h-108z\"><\/path><\/svg>\t\t\t<\/div>\n\t\t<\/div>\n\t\t\t\t\t\t<\/div>\n\t\t\t\t<div class=\"elementor-element elementor-element-97a0cf3 elementor-widget elementor-widget-counter\" data-id=\"97a0cf3\" data-element_type=\"widget\" data-widget_type=\"counter.default\">\n\t\t\t\t\t\t\t<div class=\"elementor-counter\">\n\t\t\t<div class=\"elementor-counter-title\">Bediente L\u00e4nder<\/div>\t\t\t<div class=\"elementor-counter-number-wrapper\">\n\t\t\t\t<span class=\"elementor-counter-number-prefix\"><\/span>\n\t\t\t\t<span class=\"elementor-counter-number\" data-duration=\"2000\" data-to-value=\"20\" data-from-value=\"0\" data-delimiter=\",\">0<\/span>\n\t\t\t\t<span class=\"elementor-counter-number-suffix\">+<\/span>\n\t\t\t<\/div>\n\t\t<\/div>\n\t\t\t\t\t\t<\/div>\n\t\t\t\t<\/div>\n\t\t<div class=\"elementor-element elementor-element-0048016 e-con-full e-flex e-con e-child\" data-id=\"0048016\" data-element_type=\"container\">\n\t\t\t\t<div class=\"elementor-element elementor-element-1976877 elementor-view-default elementor-widget elementor-widget-icon\" data-id=\"1976877\" data-element_type=\"widget\" data-widget_type=\"icon.default\">\n\t\t\t\t\t\t\t<div class=\"elementor-icon-wrapper\">\n\t\t\t<div class=\"elementor-icon\">\n\t\t\t<svg aria-hidden=\"true\" class=\"e-font-icon-svg e-fas-trophy\" viewbox=\"0 0 576 512\" xmlns=\"http:\/\/www.w3.org\/2000\/svg\"><path d=\"M552 64H448V24c0-13.3-10.7-24-24-24H152c-13.3 0-24 10.7-24 24v40H24C10.7 64 0 74.7 0 88v56c0 35.7 22.5 72.4 61.9 100.7 31.5 22.7 69.8 37.1 110 41.7C203.3 338.5 240 360 240 360v72h-48c-35.3 0-64 20.7-64 56v12c0 6.6 5.4 12 12 12h296c6.6 0 12-5.4 12-12v-12c0-35.3-28.7-56-64-56h-48v-72s36.7-21.5 68.1-73.6c40.3-4.6 78.6-19 110-41.7 39.3-28.3 61.9-65 61.9-100.7V88c0-13.3-10.7-24-24-24zM99.3 192.8C74.9 175.2 64 155.6 64 144v-16h64.2c1 32.6 5.8 61.2 12.8 86.2-15.1-5.2-29.2-12.4-41.7-21.4zM512 144c0 16.1-17.7 36.1-35.3 48.8-12.5 9-26.7 16.2-41.8 21.4 7-25 11.8-53.6 12.8-86.2H512v16z\"><\/path><\/svg>\t\t\t<\/div>\n\t\t<\/div>\n\t\t\t\t\t\t<\/div>\n\t\t\t\t<div class=\"elementor-element elementor-element-ee3b5d1 elementor-widget elementor-widget-counter\" data-id=\"ee3b5d1\" data-element_type=\"widget\" data-widget_type=\"counter.default\">\n\t\t\t\t\t\t\t<div class=\"elementor-counter\">\n\t\t\t<div class=\"elementor-counter-title\">Jahrelange Erfahrung in der Fertigung<\/div>\t\t\t<div class=\"elementor-counter-number-wrapper\">\n\t\t\t\t<span class=\"elementor-counter-number-prefix\"><\/span>\n\t\t\t\t<span class=\"elementor-counter-number\" data-duration=\"2000\" data-to-value=\"22\" data-from-value=\"0\" data-delimiter=\",\">0<\/span>\n\t\t\t\t<span class=\"elementor-counter-number-suffix\">+<\/span>\n\t\t\t<\/div>\n\t\t<\/div>\n\t\t\t\t\t\t<\/div>\n\t\t\t\t<\/div>\n\t\t<div class=\"elementor-element elementor-element-8fe5374 e-con-full e-flex e-con e-child\" data-id=\"8fe5374\" data-element_type=\"container\">\n\t\t\t\t<div class=\"elementor-element elementor-element-198eea8 elementor-view-default elementor-widget elementor-widget-icon\" data-id=\"198eea8\" data-element_type=\"widget\" data-widget_type=\"icon.default\">\n\t\t\t\t\t\t\t<div class=\"elementor-icon-wrapper\">\n\t\t\t<div class=\"elementor-icon\">\n\t\t\t<svg aria-hidden=\"true\" class=\"e-font-icon-svg e-fas-warehouse\" viewbox=\"0 0 640 512\" xmlns=\"http:\/\/www.w3.org\/2000\/svg\"><path d=\"M504 352H136.4c-4.4 0-8 3.6-8 8l-.1 48c0 4.4 3.6 8 8 8H504c4.4 0 8-3.6 8-8v-48c0-4.4-3.6-8-8-8zm0 96H136.1c-4.4 0-8 3.6-8 8l-.1 48c0 4.4 3.6 8 8 8h368c4.4 0 8-3.6 8-8v-48c0-4.4-3.6-8-8-8zm0-192H136.6c-4.4 0-8 3.6-8 8l-.1 48c0 4.4 3.6 8 8 8H504c4.4 0 8-3.6 8-8v-48c0-4.4-3.6-8-8-8zm106.5-139L338.4 3.7a48.15 48.15 0 0 0-36.9 0L29.5 117C11.7 124.5 0 141.9 0 161.3V504c0 4.4 3.6 8 8 8h80c4.4 0 8-3.6 8-8V256c0-17.6 14.6-32 32.6-32h382.8c18 0 32.6 14.4 32.6 32v248c0 4.4 3.6 8 8 8h80c4.4 0 8-3.6 8-8V161.3c0-19.4-11.7-36.8-29.5-44.3z\"><\/path><\/svg>\t\t\t<\/div>\n\t\t<\/div>\n\t\t\t\t\t\t<\/div>\n\t\t\t\t<div class=\"elementor-element elementor-element-0517d76 elementor-widget elementor-widget-counter\" data-id=\"0517d76\" data-element_type=\"widget\" data-widget_type=\"counter.default\">\n\t\t\t\t\t\t\t<div class=\"elementor-counter\">\n\t\t\t<div class=\"elementor-counter-title\">Produktionsst\u00e4tte<\/div>\t\t\t<div class=\"elementor-counter-number-wrapper\">\n\t\t\t\t<span class=\"elementor-counter-number-prefix\"><\/span>\n\t\t\t\t<span class=\"elementor-counter-number\" data-duration=\"2000\" data-to-value=\"5000\" data-from-value=\"0\" data-delimiter=\",\">0<\/span>\n\t\t\t\t<span class=\"elementor-counter-number-suffix\">+<\/span>\n\t\t\t<\/div>\n\t\t<\/div>\n\t\t\t\t\t\t<\/div>\n\t\t\t\t<\/div>\n\t\t\t\t\t<\/div>\n\t\t\t\t<\/div>\n\t\t\t\t<\/div>","protected":false},"excerpt":{"rendered":"<p>Efficient manufacturing, precise empowerment About Us Shandong Ming Jia CNC Equipment Co., Ltd. is a science and technology enterprise dedicated to the development and production of electrical equipment and CNC sheet metal equipment. The main products of the company include CNC busbar processing machines, CNC busbar punching and shearing machines, CNC busbar bending machines, turret [&hellip;]<\/p>","protected":false},"author":1,"featured_media":0,"parent":0,"menu_order":0,"comment_status":"closed","ping_status":"closed","template":"","meta":{"_acf_changed":false,"footnotes":""},"class_list":["post-51","page","type-page","status-publish","hentry"],"acf":[],"_links":{"self":[{"href":"https:\/\/mingjiacnc.com\/de\/wp-json\/wp\/v2\/pages\/51","targetHints":{"allow":["GET"]}}],"collection":[{"href":"https:\/\/mingjiacnc.com\/de\/wp-json\/wp\/v2\/pages"}],"about":[{"href":"https:\/\/mingjiacnc.com\/de\/wp-json\/wp\/v2\/types\/page"}],"author":[{"embeddable":true,"href":"https:\/\/mingjiacnc.com\/de\/wp-json\/wp\/v2\/users\/1"}],"replies":[{"embeddable":true,"href":"https:\/\/mingjiacnc.com\/de\/wp-json\/wp\/v2\/comments?post=51"}],"version-history":[{"count":71,"href":"https:\/\/mingjiacnc.com\/de\/wp-json\/wp\/v2\/pages\/51\/revisions"}],"predecessor-version":[{"id":2010,"href":"https:\/\/mingjiacnc.com\/de\/wp-json\/wp\/v2\/pages\/51\/revisions\/2010"}],"wp:attachment":[{"href":"https:\/\/mingjiacnc.com\/de\/wp-json\/wp\/v2\/media?parent=51"}],"curies":[{"name":"wp","href":"https:\/\/api.w.org\/{rel}","templated":true}]}}