{"id":241,"date":"2025-12-25T13:56:49","date_gmt":"2025-12-25T13:56:49","guid":{"rendered":"https:\/\/mingjiacnc.com\/?page_id=241"},"modified":"2026-01-15T19:39:56","modified_gmt":"2026-01-15T11:39:56","slug":"nachrichten","status":"publish","type":"page","link":"https:\/\/mingjiacnc.com\/de\/nachrichten\/","title":{"rendered":"Nachrichten"},"content":{"rendered":"<div data-elementor-type=\"wp-page\" data-elementor-id=\"241\" class=\"elementor elementor-241\" data-elementor-post-type=\"page\">\n\t\t\t\t<div class=\"elementor-element elementor-element-d359180 e-flex e-con-boxed e-con e-parent\" data-id=\"d359180\" data-element_type=\"container\" data-settings=\"{&quot;background_background&quot;:&quot;classic&quot;}\">\n\t\t\t\t\t<div class=\"e-con-inner\">\n\t\t\t\t<div class=\"elementor-element elementor-element-7060ff5 elementor-widget elementor-widget-shortcode\" data-id=\"7060ff5\" data-element_type=\"widget\" data-widget_type=\"shortcode.default\">\n\t\t\t\t\t\t\t<div class=\"elementor-shortcode\"><nav aria-label=\"Semmelbr\u00f6sel\" class=\"rank-math-breadcrumb\"><p><span class=\"last\">Startseite<\/span><\/p><\/nav><\/div>\n\t\t\t\t\t\t<\/div>\n\t\t\t\t\t<\/div>\n\t\t\t\t<\/div>\n\t\t<div class=\"elementor-element elementor-element-884dc8b elementor-hidden-desktop elementor-hidden-tablet e-flex e-con-boxed e-con e-parent\" data-id=\"884dc8b\" data-element_type=\"container\">\n\t\t\t\t\t<div class=\"e-con-inner\">\n\t\t\t\t<div class=\"elementor-element elementor-element-0b3aa4d elementor-grid-1 elementor-grid-tablet-1 elementor-grid-mobile-1 elementor-posts--thumbnail-top elementor-widget elementor-widget-posts\" data-id=\"0b3aa4d\" data-element_type=\"widget\" data-settings=\"{&quot;classic_columns&quot;:&quot;1&quot;,&quot;classic_columns_tablet&quot;:&quot;1&quot;,&quot;classic_columns_mobile&quot;:&quot;1&quot;,&quot;classic_row_gap&quot;:{&quot;unit&quot;:&quot;px&quot;,&quot;size&quot;:35,&quot;sizes&quot;:[]},&quot;classic_row_gap_tablet&quot;:{&quot;unit&quot;:&quot;px&quot;,&quot;size&quot;:&quot;&quot;,&quot;sizes&quot;:[]},&quot;classic_row_gap_mobile&quot;:{&quot;unit&quot;:&quot;px&quot;,&quot;size&quot;:&quot;&quot;,&quot;sizes&quot;:[]}}\" data-widget_type=\"posts.classic\">\n\t\t\t\t<div class=\"elementor-widget-container\">\n\t\t\t\t\t\t\t<div class=\"elementor-posts-container elementor-posts elementor-posts--skin-classic elementor-grid\" role=\"list\">\n\t\t\t\t<article class=\"elementor-post elementor-grid-item post-1879 post type-post status-publish format-standard has-post-thumbnail hentry category-news-blog\" role=\"listitem\">\n\t\t\t\t<a class=\"elementor-post__thumbnail__link\" href=\"https:\/\/mingjiacnc.com\/de\/https-mingjiacnc-com\/\" tabindex=\"-1\">\n\t\t\t<div class=\"elementor-post__thumbnail\"><img fetchpriority=\"high\" decoding=\"async\" width=\"800\" height=\"566\" src=\"https:\/\/mingjiacnc.com\/wp-content\/uploads\/2026\/02\/\u5f00\u5f0f-1024x724.webp\" class=\"attachment-large size-large wp-image-1865\" alt=\"\" srcset=\"https:\/\/mingjiacnc.com\/wp-content\/uploads\/2026\/02\/\u5f00\u5f0f-1024x724.webp 1024w, https:\/\/mingjiacnc.com\/wp-content\/uploads\/2026\/02\/\u5f00\u5f0f-300x212.webp 300w, https:\/\/mingjiacnc.com\/wp-content\/uploads\/2026\/02\/\u5f00\u5f0f-768x543.webp 768w, https:\/\/mingjiacnc.com\/wp-content\/uploads\/2026\/02\/\u5f00\u5f0f-1536x1086.webp 1536w, https:\/\/mingjiacnc.com\/wp-content\/uploads\/2026\/02\/\u5f00\u5f0f-18x12.webp 18w, https:\/\/mingjiacnc.com\/wp-content\/uploads\/2026\/02\/\u5f00\u5f0f.webp 1811w\" sizes=\"(max-width: 800px) 100vw, 800px\" \/><\/div>\n\t\t<\/a>\n\t\t\t\t<div class=\"elementor-post__text\">\n\t\t\t\t<h2 class=\"elementor-post__title\">\n\t\t\t<a href=\"https:\/\/mingjiacnc.com\/de\/https-mingjiacnc-com\/\">\n\t\t\t\tCNC-Sammelschienenbearbeitungsmaschine: 5 Strenge Qualit\u00e4tskontrollen vor dem Versand\t\t\t<\/a>\n\t\t<\/h2>\n\t\t\t\t<div class=\"elementor-post__excerpt\">\n\t\t\t<p>Viele Kunden aus \u00dcbersee stellen uns immer wieder die gleiche Frage, sei es in E-Mails oder bei Videotelefonaten: Ist Ihr Sammelschienenmaschinenversand zuverl\u00e4ssig? Haben Sie nur<\/p>\n\t\t<\/div>\n\t\t\n\t\t<a class=\"elementor-post__read-more\" href=\"https:\/\/mingjiacnc.com\/de\/https-mingjiacnc-com\/\" aria-label=\"Lesen Sie mehr \u00fcber die CNC-Sammelschienenbearbeitungsmaschine: 5 Strenge Qualit\u00e4tskontrollen vor der Auslieferung\" tabindex=\"-1\" target=\"_blank\">\n\t\t\tMehr lesen \u00bb\t\t<\/a>\n\n\t\t\t\t<\/div>\n\t\t\t\t<\/article>\n\t\t\t\t<article class=\"elementor-post elementor-grid-item post-187 post type-post status-publish format-standard has-post-thumbnail hentry category-news-blog\" role=\"listitem\">\n\t\t\t\t<a class=\"elementor-post__thumbnail__link\" href=\"https:\/\/mingjiacnc.com\/de\/anwendungswachstum-von-sammelschienenverarbeitungsanlagen-im-bereich-der-neuen-energien\/\" tabindex=\"-1\">\n\t\t\t<div class=\"elementor-post__thumbnail\"><img decoding=\"async\" width=\"559\" height=\"320\" src=\"https:\/\/mingjiacnc.com\/wp-content\/uploads\/2025\/12\/\u65b0\u95fb-4-1.webp\" class=\"attachment-large size-large wp-image-205\" alt=\"\" srcset=\"https:\/\/mingjiacnc.com\/wp-content\/uploads\/2025\/12\/\u65b0\u95fb-4-1.webp 559w, https:\/\/mingjiacnc.com\/wp-content\/uploads\/2025\/12\/\u65b0\u95fb-4-1-300x172.webp 300w\" sizes=\"(max-width: 559px) 100vw, 559px\" \/><\/div>\n\t\t<\/a>\n\t\t\t\t<div class=\"elementor-post__text\">\n\t\t\t\t<h2 class=\"elementor-post__title\">\n\t\t\t<a href=\"https:\/\/mingjiacnc.com\/de\/anwendungswachstum-von-sammelschienenverarbeitungsanlagen-im-bereich-der-neuen-energien\/\">\n\t\t\t\tAnwendungswachstum von Stromschienenverarbeitungsanlagen im Bereich der neuen Energien\t\t\t<\/a>\n\t\t<\/h2>\n\t\t\t\t<div class=\"elementor-post__excerpt\">\n\t\t\t<p>Export nach Indonesien (Bau von Stromnetzen): Im Dezember 2024 wurden drei kundenspezifische Stromschienenbearbeitungsmaschinen exportiert, die mit doppelten Servoklemmen und Linearf\u00fchrungen ausgestattet sind und Folgendes leisten k\u00f6nnen<\/p>\n\t\t<\/div>\n\t\t\n\t\t<a class=\"elementor-post__read-more\" href=\"https:\/\/mingjiacnc.com\/de\/anwendungswachstum-von-sammelschienenverarbeitungsanlagen-im-bereich-der-neuen-energien\/\" aria-label=\"Lesen Sie mehr \u00fcber das Anwendungswachstum von Stromschienenverarbeitungsanlagen im Bereich der neuen Energien\" tabindex=\"-1\" target=\"_blank\">\n\t\t\tMehr lesen \u00bb\t\t<\/a>\n\n\t\t\t\t<\/div>\n\t\t\t\t<\/article>\n\t\t\t\t<article class=\"elementor-post elementor-grid-item post-184 post type-post status-publish format-standard has-post-thumbnail hentry category-news-blog\" role=\"listitem\">\n\t\t\t\t<a class=\"elementor-post__thumbnail__link\" href=\"https:\/\/mingjiacnc.com\/de\/kontinuierliche-optimierung-des-aufbaus-von-sammelschienenbearbeitungsmaschinen\/\" tabindex=\"-1\">\n\t\t\t<div class=\"elementor-post__thumbnail\"><img decoding=\"async\" width=\"800\" height=\"563\" src=\"https:\/\/mingjiacnc.com\/wp-content\/uploads\/2025\/12\/\u65b0\u95fb-3-1024x721.webp\" class=\"attachment-large size-large wp-image-185\" alt=\"\" srcset=\"https:\/\/mingjiacnc.com\/wp-content\/uploads\/2025\/12\/\u65b0\u95fb-3-1024x721.webp 1024w, https:\/\/mingjiacnc.com\/wp-content\/uploads\/2025\/12\/\u65b0\u95fb-3-300x211.webp 300w, https:\/\/mingjiacnc.com\/wp-content\/uploads\/2025\/12\/\u65b0\u95fb-3-768x541.webp 768w, https:\/\/mingjiacnc.com\/wp-content\/uploads\/2025\/12\/\u65b0\u95fb-3.webp 1071w\" sizes=\"(max-width: 800px) 100vw, 800px\" \/><\/div>\n\t\t<\/a>\n\t\t\t\t<div class=\"elementor-post__text\">\n\t\t\t\t<h2 class=\"elementor-post__title\">\n\t\t\t<a href=\"https:\/\/mingjiacnc.com\/de\/kontinuierliche-optimierung-des-aufbaus-von-sammelschienenbearbeitungsmaschinen\/\">\n\t\t\t\tKontinuierliche Optimierung der Maschinenstruktur f\u00fcr die Sammelschienenbearbeitung\t\t\t<\/a>\n\t\t<\/h2>\n\t\t\t\t<div class=\"elementor-post__excerpt\">\n\t\t\t<p>Export nach Malaysia (Hersteller von Verteilerschr\u00e4nken): Im Mai 2025 wurden vier kundenspezifische Stromschienenbearbeitungsmaschinen exportiert. Diese Maschinen verf\u00fcgen \u00fcber einen 8+1-Stationen-Revolver (8 Stanz,<\/p>\n\t\t<\/div>\n\t\t\n\t\t<a class=\"elementor-post__read-more\" href=\"https:\/\/mingjiacnc.com\/de\/kontinuierliche-optimierung-des-aufbaus-von-sammelschienenbearbeitungsmaschinen\/\" aria-label=\"Lesen Sie mehr \u00fcber die kontinuierliche Optimierung der Struktur von Sammelschienenbearbeitungsmaschinen\" tabindex=\"-1\" target=\"_blank\">\n\t\t\tMehr lesen \u00bb\t\t<\/a>\n\n\t\t\t\t<\/div>\n\t\t\t\t<\/article>\n\t\t\t\t<article class=\"elementor-post elementor-grid-item post-181 post type-post status-publish format-standard has-post-thumbnail hentry category-news-blog\" role=\"listitem\">\n\t\t\t\t<a class=\"elementor-post__thumbnail__link\" href=\"https:\/\/mingjiacnc.com\/de\/sammelschienenbearbeitungsmaschine-hilft-sudostasiatischem-kunden-bei-der-kapazitatserweiterung\/\" tabindex=\"-1\">\n\t\t\t<div class=\"elementor-post__thumbnail\"><img loading=\"lazy\" decoding=\"async\" width=\"800\" height=\"598\" src=\"https:\/\/mingjiacnc.com\/wp-content\/uploads\/2025\/12\/\u65b0\u95fb-2-1024x765.webp\" class=\"attachment-large size-large wp-image-182\" alt=\"\" srcset=\"https:\/\/mingjiacnc.com\/wp-content\/uploads\/2025\/12\/\u65b0\u95fb-2-1024x765.webp 1024w, https:\/\/mingjiacnc.com\/wp-content\/uploads\/2025\/12\/\u65b0\u95fb-2-300x224.webp 300w, https:\/\/mingjiacnc.com\/wp-content\/uploads\/2025\/12\/\u65b0\u95fb-2-768x574.webp 768w, https:\/\/mingjiacnc.com\/wp-content\/uploads\/2025\/12\/\u65b0\u95fb-2.webp 1071w\" sizes=\"(max-width: 800px) 100vw, 800px\" \/><\/div>\n\t\t<\/a>\n\t\t\t\t<div class=\"elementor-post__text\">\n\t\t\t\t<h2 class=\"elementor-post__title\">\n\t\t\t<a href=\"https:\/\/mingjiacnc.com\/de\/sammelschienenbearbeitungsmaschine-hilft-sudostasiatischem-kunden-bei-der-kapazitatserweiterung\/\">\n\t\t\t\tSammelschienenbearbeitungsmaschine hilft s\u00fcdostasiatischem Kunden bei der Kapazit\u00e4tssteigerung\t\t\t<\/a>\n\t\t<\/h2>\n\t\t\t\t<div class=\"elementor-post__excerpt\">\n\t\t\t<p>Export nach Thailand (hochwertige Bleche): Im M\u00e4rz 2025 haben wir multifunktionale Stromschienenbearbeitungsmaschinen exportiert, um die Nachfrage der s\u00fcdostasiatischen Kunden nach hochpr\u00e4zisen und flexiblen<\/p>\n\t\t<\/div>\n\t\t\n\t\t<a class=\"elementor-post__read-more\" href=\"https:\/\/mingjiacnc.com\/de\/sammelschienenbearbeitungsmaschine-hilft-sudostasiatischem-kunden-bei-der-kapazitatserweiterung\/\" aria-label=\"Lesen Sie mehr \u00fcber Sammelschienenbearbeitungsmaschine hilft s\u00fcdostasiatischem Kunden bei der Kapazit\u00e4tssteigerung\" tabindex=\"-1\" target=\"_blank\">\n\t\t\tMehr lesen \u00bb\t\t<\/a>\n\n\t\t\t\t<\/div>\n\t\t\t\t<\/article>\n\t\t\t\t<article class=\"elementor-post elementor-grid-item post-1 post type-post status-publish format-standard has-post-thumbnail hentry category-news-blog\" role=\"listitem\">\n\t\t\t\t<a class=\"elementor-post__thumbnail__link\" href=\"https:\/\/mingjiacnc.com\/de\/hallo-welt\/\" tabindex=\"-1\">\n\t\t\t<div class=\"elementor-post__thumbnail\"><img loading=\"lazy\" decoding=\"async\" width=\"800\" height=\"600\" src=\"https:\/\/mingjiacnc.com\/wp-content\/uploads\/2025\/12\/\u65b0\u95fb\u4ea7\u54c1\u56fe.webp\" class=\"attachment-large size-large wp-image-1444\" alt=\"\" srcset=\"https:\/\/mingjiacnc.com\/wp-content\/uploads\/2025\/12\/\u65b0\u95fb\u4ea7\u54c1\u56fe.webp 1000w, https:\/\/mingjiacnc.com\/wp-content\/uploads\/2025\/12\/\u65b0\u95fb\u4ea7\u54c1\u56fe-300x225.webp 300w, https:\/\/mingjiacnc.com\/wp-content\/uploads\/2025\/12\/\u65b0\u95fb\u4ea7\u54c1\u56fe-768x576.webp 768w, https:\/\/mingjiacnc.com\/wp-content\/uploads\/2025\/12\/\u65b0\u95fb\u4ea7\u54c1\u56fe-16x12.webp 16w\" sizes=\"(max-width: 800px) 100vw, 800px\" \/><\/div>\n\t\t<\/a>\n\t\t\t\t<div class=\"elementor-post__text\">\n\t\t\t\t<h2 class=\"elementor-post__title\">\n\t\t\t<a href=\"https:\/\/mingjiacnc.com\/de\/hallo-welt\/\">\n\t\t\t\tDie Stromschienenverarbeitungsmaschine des Unternehmens wurde erfolgreich auf den russischen Markt exportiert.\t\t\t<\/a>\n\t\t<\/h2>\n\t\t\t\t<div class=\"elementor-post__excerpt\">\n\t\t\t<p>Export nach Russland (Automobilelektronik): 2024 wurden sechs hochpr\u00e4zise Stromschienenbearbeitungsmaschinen exportiert. Diese Maschinen haben eine Stanzgeschwindigkeit von 200 H\u00fcben pro Minute und eine Pr\u00e4zision von \u00b10,02 mm. Konzipiert f\u00fcr<\/p>\n\t\t<\/div>\n\t\t\n\t\t<a class=\"elementor-post__read-more\" href=\"https:\/\/mingjiacnc.com\/de\/hallo-welt\/\" aria-label=\"Read more about Die Sammelschienenbearbeitungsmaschine des Unternehmens wurde erfolgreich auf den russischen Markt exportiert\" tabindex=\"-1\" target=\"_blank\">\n\t\t\tMehr lesen \u00bb\t\t<\/a>\n\n\t\t\t\t<\/div>\n\t\t\t\t<\/article>\n\t\t\t\t<\/div>\n\t\t\n\t\t\t\t\t\t<\/div>\n\t\t\t\t<\/div>\n\t\t\t\t\t<\/div>\n\t\t\t\t<\/div>\n\t\t<div class=\"elementor-element elementor-element-d5270ea elementor-hidden-mobile e-flex e-con-boxed e-con e-parent\" data-id=\"d5270ea\" data-element_type=\"container\">\n\t\t\t\t\t<div class=\"e-con-inner\">\n\t\t\t\t<div class=\"elementor-element elementor-element-f67fa1d elementor-grid-1 elementor-posts--thumbnail-left elementor-grid-tablet-1 elementor-grid-mobile-1 elementor-widget elementor-widget-posts\" data-id=\"f67fa1d\" data-element_type=\"widget\" data-settings=\"{&quot;classic_columns&quot;:&quot;1&quot;,&quot;classic_columns_tablet&quot;:&quot;1&quot;,&quot;classic_columns_mobile&quot;:&quot;1&quot;,&quot;classic_row_gap&quot;:{&quot;unit&quot;:&quot;px&quot;,&quot;size&quot;:35,&quot;sizes&quot;:[]},&quot;classic_row_gap_tablet&quot;:{&quot;unit&quot;:&quot;px&quot;,&quot;size&quot;:&quot;&quot;,&quot;sizes&quot;:[]},&quot;classic_row_gap_mobile&quot;:{&quot;unit&quot;:&quot;px&quot;,&quot;size&quot;:&quot;&quot;,&quot;sizes&quot;:[]}}\" data-widget_type=\"posts.classic\">\n\t\t\t\t<div class=\"elementor-widget-container\">\n\t\t\t\t\t\t\t<div class=\"elementor-posts-container elementor-posts elementor-posts--skin-classic elementor-grid\" role=\"list\">\n\t\t\t\t<article class=\"elementor-post elementor-grid-item post-1879 post type-post status-publish format-standard has-post-thumbnail hentry category-news-blog\" role=\"listitem\">\n\t\t\t\t<a class=\"elementor-post__thumbnail__link\" href=\"https:\/\/mingjiacnc.com\/de\/https-mingjiacnc-com\/\" tabindex=\"-1\">\n\t\t\t<div class=\"elementor-post__thumbnail\"><img fetchpriority=\"high\" decoding=\"async\" width=\"800\" height=\"566\" src=\"https:\/\/mingjiacnc.com\/wp-content\/uploads\/2026\/02\/\u5f00\u5f0f-1024x724.webp\" class=\"attachment-large size-large wp-image-1865\" alt=\"\" srcset=\"https:\/\/mingjiacnc.com\/wp-content\/uploads\/2026\/02\/\u5f00\u5f0f-1024x724.webp 1024w, https:\/\/mingjiacnc.com\/wp-content\/uploads\/2026\/02\/\u5f00\u5f0f-300x212.webp 300w, https:\/\/mingjiacnc.com\/wp-content\/uploads\/2026\/02\/\u5f00\u5f0f-768x543.webp 768w, https:\/\/mingjiacnc.com\/wp-content\/uploads\/2026\/02\/\u5f00\u5f0f-1536x1086.webp 1536w, https:\/\/mingjiacnc.com\/wp-content\/uploads\/2026\/02\/\u5f00\u5f0f-18x12.webp 18w, https:\/\/mingjiacnc.com\/wp-content\/uploads\/2026\/02\/\u5f00\u5f0f.webp 1811w\" sizes=\"(max-width: 800px) 100vw, 800px\" \/><\/div>\n\t\t<\/a>\n\t\t\t\t<div class=\"elementor-post__text\">\n\t\t\t\t<h2 class=\"elementor-post__title\">\n\t\t\t<a href=\"https:\/\/mingjiacnc.com\/de\/https-mingjiacnc-com\/\">\n\t\t\t\tCNC-Sammelschienenbearbeitungsmaschine: 5 Strenge Qualit\u00e4tskontrollen vor dem Versand\t\t\t<\/a>\n\t\t<\/h2>\n\t\t\t\t<div class=\"elementor-post__excerpt\">\n\t\t\t<p>Viele Kunden aus \u00dcbersee stellen uns immer wieder die gleiche Frage, sei es in E-Mails oder bei Videotelefonaten: Ist Ihr Sammelschienenmaschinenversand zuverl\u00e4ssig? Haben Sie nur<\/p>\n\t\t<\/div>\n\t\t\n\t\t<a class=\"elementor-post__read-more\" href=\"https:\/\/mingjiacnc.com\/de\/https-mingjiacnc-com\/\" aria-label=\"Lesen Sie mehr \u00fcber die CNC-Sammelschienenbearbeitungsmaschine: 5 Strenge Qualit\u00e4tskontrollen vor der Auslieferung\" tabindex=\"-1\">\n\t\t\tMehr lesen \u00bb\t\t<\/a>\n\n\t\t\t\t<\/div>\n\t\t\t\t<\/article>\n\t\t\t\t<article class=\"elementor-post elementor-grid-item post-187 post type-post status-publish format-standard has-post-thumbnail hentry category-news-blog\" role=\"listitem\">\n\t\t\t\t<a class=\"elementor-post__thumbnail__link\" href=\"https:\/\/mingjiacnc.com\/de\/anwendungswachstum-von-sammelschienenverarbeitungsanlagen-im-bereich-der-neuen-energien\/\" tabindex=\"-1\">\n\t\t\t<div class=\"elementor-post__thumbnail\"><img decoding=\"async\" width=\"559\" height=\"320\" src=\"https:\/\/mingjiacnc.com\/wp-content\/uploads\/2025\/12\/\u65b0\u95fb-4-1.webp\" class=\"attachment-large size-large wp-image-205\" alt=\"\" srcset=\"https:\/\/mingjiacnc.com\/wp-content\/uploads\/2025\/12\/\u65b0\u95fb-4-1.webp 559w, https:\/\/mingjiacnc.com\/wp-content\/uploads\/2025\/12\/\u65b0\u95fb-4-1-300x172.webp 300w\" sizes=\"(max-width: 559px) 100vw, 559px\" \/><\/div>\n\t\t<\/a>\n\t\t\t\t<div class=\"elementor-post__text\">\n\t\t\t\t<h2 class=\"elementor-post__title\">\n\t\t\t<a href=\"https:\/\/mingjiacnc.com\/de\/anwendungswachstum-von-sammelschienenverarbeitungsanlagen-im-bereich-der-neuen-energien\/\">\n\t\t\t\tAnwendungswachstum von Stromschienenverarbeitungsanlagen im Bereich der neuen Energien\t\t\t<\/a>\n\t\t<\/h2>\n\t\t\t\t<div class=\"elementor-post__excerpt\">\n\t\t\t<p>Export nach Indonesien (Bau von Stromnetzen): Im Dezember 2024 wurden drei kundenspezifische Stromschienenbearbeitungsmaschinen exportiert, die mit doppelten Servoklemmen und Linearf\u00fchrungen ausgestattet sind und Folgendes leisten k\u00f6nnen<\/p>\n\t\t<\/div>\n\t\t\n\t\t<a class=\"elementor-post__read-more\" href=\"https:\/\/mingjiacnc.com\/de\/anwendungswachstum-von-sammelschienenverarbeitungsanlagen-im-bereich-der-neuen-energien\/\" aria-label=\"Lesen Sie mehr \u00fcber das Anwendungswachstum von Stromschienenverarbeitungsanlagen im Bereich der neuen Energien\" tabindex=\"-1\">\n\t\t\tMehr lesen \u00bb\t\t<\/a>\n\n\t\t\t\t<\/div>\n\t\t\t\t<\/article>\n\t\t\t\t<article class=\"elementor-post elementor-grid-item post-184 post type-post status-publish format-standard has-post-thumbnail hentry category-news-blog\" role=\"listitem\">\n\t\t\t\t<a class=\"elementor-post__thumbnail__link\" href=\"https:\/\/mingjiacnc.com\/de\/kontinuierliche-optimierung-des-aufbaus-von-sammelschienenbearbeitungsmaschinen\/\" tabindex=\"-1\">\n\t\t\t<div class=\"elementor-post__thumbnail\"><img decoding=\"async\" width=\"800\" height=\"563\" src=\"https:\/\/mingjiacnc.com\/wp-content\/uploads\/2025\/12\/\u65b0\u95fb-3-1024x721.webp\" class=\"attachment-large size-large wp-image-185\" alt=\"\" srcset=\"https:\/\/mingjiacnc.com\/wp-content\/uploads\/2025\/12\/\u65b0\u95fb-3-1024x721.webp 1024w, https:\/\/mingjiacnc.com\/wp-content\/uploads\/2025\/12\/\u65b0\u95fb-3-300x211.webp 300w, https:\/\/mingjiacnc.com\/wp-content\/uploads\/2025\/12\/\u65b0\u95fb-3-768x541.webp 768w, https:\/\/mingjiacnc.com\/wp-content\/uploads\/2025\/12\/\u65b0\u95fb-3.webp 1071w\" sizes=\"(max-width: 800px) 100vw, 800px\" \/><\/div>\n\t\t<\/a>\n\t\t\t\t<div class=\"elementor-post__text\">\n\t\t\t\t<h2 class=\"elementor-post__title\">\n\t\t\t<a href=\"https:\/\/mingjiacnc.com\/de\/kontinuierliche-optimierung-des-aufbaus-von-sammelschienenbearbeitungsmaschinen\/\">\n\t\t\t\tKontinuierliche Optimierung der Maschinenstruktur f\u00fcr die Sammelschienenbearbeitung\t\t\t<\/a>\n\t\t<\/h2>\n\t\t\t\t<div class=\"elementor-post__excerpt\">\n\t\t\t<p>Export nach Malaysia (Hersteller von Verteilerschr\u00e4nken): Im Mai 2025 wurden vier kundenspezifische Stromschienenbearbeitungsmaschinen exportiert. Diese Maschinen verf\u00fcgen \u00fcber einen 8+1-Stationen-Revolver (8 Stanz,<\/p>\n\t\t<\/div>\n\t\t\n\t\t<a class=\"elementor-post__read-more\" href=\"https:\/\/mingjiacnc.com\/de\/kontinuierliche-optimierung-des-aufbaus-von-sammelschienenbearbeitungsmaschinen\/\" aria-label=\"Lesen Sie mehr \u00fcber die kontinuierliche Optimierung der Struktur von Sammelschienenbearbeitungsmaschinen\" tabindex=\"-1\">\n\t\t\tMehr lesen \u00bb\t\t<\/a>\n\n\t\t\t\t<\/div>\n\t\t\t\t<\/article>\n\t\t\t\t<article class=\"elementor-post elementor-grid-item post-181 post type-post status-publish format-standard has-post-thumbnail hentry category-news-blog\" role=\"listitem\">\n\t\t\t\t<a class=\"elementor-post__thumbnail__link\" href=\"https:\/\/mingjiacnc.com\/de\/sammelschienenbearbeitungsmaschine-hilft-sudostasiatischem-kunden-bei-der-kapazitatserweiterung\/\" tabindex=\"-1\">\n\t\t\t<div class=\"elementor-post__thumbnail\"><img loading=\"lazy\" decoding=\"async\" width=\"800\" height=\"598\" src=\"https:\/\/mingjiacnc.com\/wp-content\/uploads\/2025\/12\/\u65b0\u95fb-2-1024x765.webp\" class=\"attachment-large size-large wp-image-182\" alt=\"\" srcset=\"https:\/\/mingjiacnc.com\/wp-content\/uploads\/2025\/12\/\u65b0\u95fb-2-1024x765.webp 1024w, https:\/\/mingjiacnc.com\/wp-content\/uploads\/2025\/12\/\u65b0\u95fb-2-300x224.webp 300w, https:\/\/mingjiacnc.com\/wp-content\/uploads\/2025\/12\/\u65b0\u95fb-2-768x574.webp 768w, https:\/\/mingjiacnc.com\/wp-content\/uploads\/2025\/12\/\u65b0\u95fb-2.webp 1071w\" sizes=\"(max-width: 800px) 100vw, 800px\" \/><\/div>\n\t\t<\/a>\n\t\t\t\t<div class=\"elementor-post__text\">\n\t\t\t\t<h2 class=\"elementor-post__title\">\n\t\t\t<a href=\"https:\/\/mingjiacnc.com\/de\/sammelschienenbearbeitungsmaschine-hilft-sudostasiatischem-kunden-bei-der-kapazitatserweiterung\/\">\n\t\t\t\tSammelschienenbearbeitungsmaschine hilft s\u00fcdostasiatischem Kunden bei der Kapazit\u00e4tssteigerung\t\t\t<\/a>\n\t\t<\/h2>\n\t\t\t\t<div class=\"elementor-post__excerpt\">\n\t\t\t<p>Export nach Thailand (hochwertige Bleche): Im M\u00e4rz 2025 haben wir multifunktionale Stromschienenbearbeitungsmaschinen exportiert, um die Nachfrage der s\u00fcdostasiatischen Kunden nach hochpr\u00e4zisen und flexiblen<\/p>\n\t\t<\/div>\n\t\t\n\t\t<a class=\"elementor-post__read-more\" href=\"https:\/\/mingjiacnc.com\/de\/sammelschienenbearbeitungsmaschine-hilft-sudostasiatischem-kunden-bei-der-kapazitatserweiterung\/\" aria-label=\"Lesen Sie mehr \u00fcber Sammelschienenbearbeitungsmaschine hilft s\u00fcdostasiatischem Kunden bei der Kapazit\u00e4tssteigerung\" tabindex=\"-1\">\n\t\t\tMehr lesen \u00bb\t\t<\/a>\n\n\t\t\t\t<\/div>\n\t\t\t\t<\/article>\n\t\t\t\t<article class=\"elementor-post elementor-grid-item post-1 post type-post status-publish format-standard has-post-thumbnail hentry category-news-blog\" role=\"listitem\">\n\t\t\t\t<a class=\"elementor-post__thumbnail__link\" href=\"https:\/\/mingjiacnc.com\/de\/hallo-welt\/\" tabindex=\"-1\">\n\t\t\t<div class=\"elementor-post__thumbnail\"><img loading=\"lazy\" decoding=\"async\" width=\"800\" height=\"600\" src=\"https:\/\/mingjiacnc.com\/wp-content\/uploads\/2025\/12\/\u65b0\u95fb\u4ea7\u54c1\u56fe.webp\" class=\"attachment-large size-large wp-image-1444\" alt=\"\" srcset=\"https:\/\/mingjiacnc.com\/wp-content\/uploads\/2025\/12\/\u65b0\u95fb\u4ea7\u54c1\u56fe.webp 1000w, https:\/\/mingjiacnc.com\/wp-content\/uploads\/2025\/12\/\u65b0\u95fb\u4ea7\u54c1\u56fe-300x225.webp 300w, https:\/\/mingjiacnc.com\/wp-content\/uploads\/2025\/12\/\u65b0\u95fb\u4ea7\u54c1\u56fe-768x576.webp 768w, https:\/\/mingjiacnc.com\/wp-content\/uploads\/2025\/12\/\u65b0\u95fb\u4ea7\u54c1\u56fe-16x12.webp 16w\" sizes=\"(max-width: 800px) 100vw, 800px\" \/><\/div>\n\t\t<\/a>\n\t\t\t\t<div class=\"elementor-post__text\">\n\t\t\t\t<h2 class=\"elementor-post__title\">\n\t\t\t<a href=\"https:\/\/mingjiacnc.com\/de\/hallo-welt\/\">\n\t\t\t\tDie Stromschienenverarbeitungsmaschine des Unternehmens wurde erfolgreich auf den russischen Markt exportiert.\t\t\t<\/a>\n\t\t<\/h2>\n\t\t\t\t<div class=\"elementor-post__excerpt\">\n\t\t\t<p>Export nach Russland (Automobilelektronik): 2024 wurden sechs hochpr\u00e4zise Stromschienenbearbeitungsmaschinen exportiert. Diese Maschinen haben eine Stanzgeschwindigkeit von 200 H\u00fcben pro Minute und eine Pr\u00e4zision von \u00b10,02 mm. Konzipiert f\u00fcr<\/p>\n\t\t<\/div>\n\t\t\n\t\t<a class=\"elementor-post__read-more\" href=\"https:\/\/mingjiacnc.com\/de\/hallo-welt\/\" aria-label=\"Read more about Die Sammelschienenbearbeitungsmaschine des Unternehmens wurde erfolgreich auf den russischen Markt exportiert\" tabindex=\"-1\">\n\t\t\tMehr lesen \u00bb\t\t<\/a>\n\n\t\t\t\t<\/div>\n\t\t\t\t<\/article>\n\t\t\t\t<\/div>\n\t\t\n\t\t\t\t\t\t<\/div>\n\t\t\t\t<\/div>\n\t\t\t\t\t<\/div>\n\t\t\t\t<\/div>\n\t\t\t\t<\/div>","protected":false},"excerpt":{"rendered":"","protected":false},"author":1,"featured_media":0,"parent":0,"menu_order":0,"comment_status":"closed","ping_status":"closed","template":"","meta":{"_acf_changed":false,"footnotes":""},"class_list":["post-241","page","type-page","status-publish","hentry"],"acf":[],"_links":{"self":[{"href":"https:\/\/mingjiacnc.com\/de\/wp-json\/wp\/v2\/pages\/241","targetHints":{"allow":["GET"]}}],"collection":[{"href":"https:\/\/mingjiacnc.com\/de\/wp-json\/wp\/v2\/pages"}],"about":[{"href":"https:\/\/mingjiacnc.com\/de\/wp-json\/wp\/v2\/types\/page"}],"author":[{"embeddable":true,"href":"https:\/\/mingjiacnc.com\/de\/wp-json\/wp\/v2\/users\/1"}],"replies":[{"embeddable":true,"href":"https:\/\/mingjiacnc.com\/de\/wp-json\/wp\/v2\/comments?post=241"}],"version-history":[{"count":39,"href":"https:\/\/mingjiacnc.com\/de\/wp-json\/wp\/v2\/pages\/241\/revisions"}],"predecessor-version":[{"id":1394,"href":"https:\/\/mingjiacnc.com\/de\/wp-json\/wp\/v2\/pages\/241\/revisions\/1394"}],"wp:attachment":[{"href":"https:\/\/mingjiacnc.com\/de\/wp-json\/wp\/v2\/media?parent=241"}],"curies":[{"name":"wp","href":"https:\/\/api.w.org\/{rel}","templated":true}]}}